{"id":869,"date":"2022-06-09T02:46:13","date_gmt":"2022-06-09T00:46:13","guid":{"rendered":"https:\/\/perukikrakow.com.pl\/sklep\/?post_type=product&#038;p=869"},"modified":"2022-06-09T02:50:29","modified_gmt":"2022-06-09T00:50:29","slug":"roger-kolorze-m7s-kolekcja-hairformance","status":"publish","type":"product","link":"https:\/\/perukikrakow.com.pl\/sklep\/produkt\/roger-kolorze-m7s-kolekcja-hairformance\/","title":{"rendered":"ROGER kolorze M7s* Kolekcja HAIRFORMANCE"},"content":{"rendered":"<h4>Peruka z w\u0142osa syntetycznego<\/h4>\n<ul>\n<li>Ca\u0142kowicie robiona r\u0119cznie na tiulu.<\/li>\n<li>Lekka i przewiewna, z mniejsz\u0105 ilo\u015bci\u0105 w\u0142os\u00f3w, daj\u0105ca bardzo naturalny wygl\u0105d i komfort oraz mo\u017cliwo\u015b\u0107 u\u0142o\u017cenia w\u0142os\u00f3w w dowolnym kierunku, idealna dla os\u00f3b o wra\u017cliwej sk\u00f3rze.<\/li>\n<li>Rozmyta przednia linia w\u0142os\u00f3w.<\/li>\n<li>Daje naturalny wygl\u0105d i sprawia wra\u017cenie wyrastaj\u0105cych w\u0142os\u00f3w ze sk\u00f3ry g\u0142owy wzd\u0142u\u017c linii czo\u0142a, co pozwala na zrobienie fryzury bez grzywki lub u\u0142o\u017cenie w\u0142os\u00f3w do<\/li>\n<\/ul>\n","protected":false},"excerpt":{"rendered":"<p>Peruka z w\u0142osa syntetycznego Ca\u0142kowicie robiona r\u0119cznie na tiulu. Lekka i przewiewna, z mniejsz\u0105 ilo\u015bci\u0105 w\u0142os\u00f3w, daj\u0105ca bardzo naturalny wygl\u0105d i komfort oraz mo\u017cliwo\u015b\u0107 u\u0142o\u017cenia w\u0142os\u00f3w w dowolnym kierunku, idealna dla os\u00f3b o wra\u017cliwej sk\u00f3rze. Rozmyta przednia linia w\u0142os\u00f3w. Daje naturalny wygl\u0105d i sprawia wra\u017cenie wyrastaj\u0105cych w\u0142os\u00f3w ze sk\u00f3ry g\u0142owy wzd\u0142u\u017c linii czo\u0142a, co pozwala [&hellip;]<\/p>\n","protected":false},"featured_media":894,"comment_status":"open","ping_status":"closed","template":"","meta":[],"product_cat":[16,18],"product_tag":[],"class_list":["post-869","product","type-product","status-publish","has-post-thumbnail","hentry","product_cat-peruki","product_cat-peruki-meskie","product-grid-view"],"_links":{"self":[{"href":"https:\/\/perukikrakow.com.pl\/sklep\/wp-json\/wp\/v2\/product\/869","targetHints":{"allow":["GET"]}}],"collection":[{"href":"https:\/\/perukikrakow.com.pl\/sklep\/wp-json\/wp\/v2\/product"}],"about":[{"href":"https:\/\/perukikrakow.com.pl\/sklep\/wp-json\/wp\/v2\/types\/product"}],"replies":[{"embeddable":true,"href":"https:\/\/perukikrakow.com.pl\/sklep\/wp-json\/wp\/v2\/comments?post=869"}],"wp:featuredmedia":[{"embeddable":true,"href":"https:\/\/perukikrakow.com.pl\/sklep\/wp-json\/wp\/v2\/media\/894"}],"wp:attachment":[{"href":"https:\/\/perukikrakow.com.pl\/sklep\/wp-json\/wp\/v2\/media?parent=869"}],"wp:term":[{"taxonomy":"product_cat","embeddable":true,"href":"https:\/\/perukikrakow.com.pl\/sklep\/wp-json\/wp\/v2\/product_cat?post=869"},{"taxonomy":"product_tag","embeddable":true,"href":"https:\/\/perukikrakow.com.pl\/sklep\/wp-json\/wp\/v2\/product_tag?post=869"}],"curies":[{"name":"wp","href":"https:\/\/api.w.org\/{rel}","templated":true}]}}