{"id":668,"date":"2022-06-08T22:49:37","date_gmt":"2022-06-08T20:49:37","guid":{"rendered":"https:\/\/perukikrakow.com.pl\/sklep\/?post_type=product&#038;p=668"},"modified":"2022-07-15T05:05:22","modified_gmt":"2022-07-15T03:05:22","slug":"justin-2-0-w-kolorze-m56s-kolekcja-hairformance","status":"publish","type":"product","link":"https:\/\/perukikrakow.com.pl\/sklep\/produkt\/justin-2-0-w-kolorze-m56s-kolekcja-hairformance\/","title":{"rendered":"JUSTIN 2.0 w kolorze M56s Kolekcja HAIRFORMANCE"},"content":{"rendered":"<p><img decoding=\"async\" src=\"https:\/\/perukikrakow.com.pl\/sklep\/wp-content\/uploads\/2022\/06\/ellen-wille_logo_11zon-1.jpg\" alt=\"ellen wille\" \/><\/p>\n<div id=\"description-long\" class=\"description tinymce_html col-xs-12\">\n<div class=\"per-product-desc-wrapper\">\n<h4>Peruka z w\u0142osa syntetycznego<\/h4>\n<ul>\n<li>Mikrosk\u00f3ra na g\u00f3rnej cz\u0119\u015bci g\u0142owy.<\/li>\n<li>Sprawia wra\u017cenie wyrastaj\u0105cych w\u0142os\u00f3w ze sk\u00f3ry g\u0142owy, daje mo\u017cliwo\u015b\u0107 zmiany uczesania.<\/li>\n<li>Rozmyta przednia linia w\u0142os\u00f3w.<\/li>\n<li>Daje naturalny wygl\u0105d i sprawia wra\u017cenie wyrastaj\u0105cych w\u0142os\u00f3w ze sk\u00f3ry g\u0142owy wzd\u0142u\u017c linii czo\u0142a, co pozwala na zrobienie fryzury bez grzywki lub u\u0142o\u017cenie w\u0142os\u00f3w do g\u00f3ry.<\/li>\n<\/ul>\n<\/div>\n<\/div>\n","protected":false},"excerpt":{"rendered":"<p>Peruka z w\u0142osa syntetycznego Mikrosk\u00f3ra na g\u00f3rnej cz\u0119\u015bci g\u0142owy. Sprawia wra\u017cenie wyrastaj\u0105cych w\u0142os\u00f3w ze sk\u00f3ry g\u0142owy, daje mo\u017cliwo\u015b\u0107 zmiany uczesania. Rozmyta przednia linia w\u0142os\u00f3w. Daje naturalny wygl\u0105d i sprawia wra\u017cenie wyrastaj\u0105cych w\u0142os\u00f3w ze sk\u00f3ry g\u0142owy wzd\u0142u\u017c linii czo\u0142a, co pozwala na zrobienie fryzury bez grzywki lub u\u0142o\u017cenie w\u0142os\u00f3w do g\u00f3ry.<\/p>\n","protected":false},"featured_media":691,"comment_status":"open","ping_status":"closed","template":"","meta":[],"product_cat":[39,16,18],"product_tag":[],"class_list":["post-668","product","type-product","status-publish","has-post-thumbnail","hentry","product_cat-ellen-wille","product_cat-peruki","product_cat-peruki-meskie","product-grid-view"],"_links":{"self":[{"href":"https:\/\/perukikrakow.com.pl\/sklep\/wp-json\/wp\/v2\/product\/668","targetHints":{"allow":["GET"]}}],"collection":[{"href":"https:\/\/perukikrakow.com.pl\/sklep\/wp-json\/wp\/v2\/product"}],"about":[{"href":"https:\/\/perukikrakow.com.pl\/sklep\/wp-json\/wp\/v2\/types\/product"}],"replies":[{"embeddable":true,"href":"https:\/\/perukikrakow.com.pl\/sklep\/wp-json\/wp\/v2\/comments?post=668"}],"wp:featuredmedia":[{"embeddable":true,"href":"https:\/\/perukikrakow.com.pl\/sklep\/wp-json\/wp\/v2\/media\/691"}],"wp:attachment":[{"href":"https:\/\/perukikrakow.com.pl\/sklep\/wp-json\/wp\/v2\/media?parent=668"}],"wp:term":[{"taxonomy":"product_cat","embeddable":true,"href":"https:\/\/perukikrakow.com.pl\/sklep\/wp-json\/wp\/v2\/product_cat?post=668"},{"taxonomy":"product_tag","embeddable":true,"href":"https:\/\/perukikrakow.com.pl\/sklep\/wp-json\/wp\/v2\/product_tag?post=668"}],"curies":[{"name":"wp","href":"https:\/\/api.w.org\/{rel}","templated":true}]}}