{"id":526,"date":"2022-06-08T22:11:12","date_gmt":"2022-06-08T20:11:12","guid":{"rendered":"https:\/\/perukikrakow.com.pl\/sklep\/?post_type=product&#038;p=526"},"modified":"2022-06-08T22:19:38","modified_gmt":"2022-06-08T20:19:38","slug":"jean-luc-w-kolorze-14","status":"publish","type":"product","link":"https:\/\/perukikrakow.com.pl\/sklep\/produkt\/jean-luc-w-kolorze-14\/","title":{"rendered":"JEAN-LUC w kolorze 14"},"content":{"rendered":"<h4>Peruka z w\u0142osa syntetycznego<\/h4>\n<ul>\n<li>Mikrosk\u00f3ra na g\u00f3rnej cz\u0119\u015bci g\u0142owy.<\/li>\n<li>Sprawia wra\u017cenie wyrastaj\u0105cych w\u0142os\u00f3w ze sk\u00f3ry g\u0142owy, daje mo\u017cliwo\u015b\u0107 zmiany uczesania.<\/li>\n<\/ul>\n","protected":false},"excerpt":{"rendered":"<p>Peruka z w\u0142osa syntetycznego Mikrosk\u00f3ra na g\u00f3rnej cz\u0119\u015bci g\u0142owy. Sprawia wra\u017cenie wyrastaj\u0105cych w\u0142os\u00f3w ze sk\u00f3ry g\u0142owy, daje mo\u017cliwo\u015b\u0107 zmiany uczesania.<\/p>\n","protected":false},"featured_media":564,"comment_status":"open","ping_status":"closed","template":"","meta":[],"product_cat":[16,18],"product_tag":[],"class_list":["post-526","product","type-product","status-publish","has-post-thumbnail","hentry","product_cat-peruki","product_cat-peruki-meskie","product-grid-view"],"_links":{"self":[{"href":"https:\/\/perukikrakow.com.pl\/sklep\/wp-json\/wp\/v2\/product\/526","targetHints":{"allow":["GET"]}}],"collection":[{"href":"https:\/\/perukikrakow.com.pl\/sklep\/wp-json\/wp\/v2\/product"}],"about":[{"href":"https:\/\/perukikrakow.com.pl\/sklep\/wp-json\/wp\/v2\/types\/product"}],"replies":[{"embeddable":true,"href":"https:\/\/perukikrakow.com.pl\/sklep\/wp-json\/wp\/v2\/comments?post=526"}],"wp:featuredmedia":[{"embeddable":true,"href":"https:\/\/perukikrakow.com.pl\/sklep\/wp-json\/wp\/v2\/media\/564"}],"wp:attachment":[{"href":"https:\/\/perukikrakow.com.pl\/sklep\/wp-json\/wp\/v2\/media?parent=526"}],"wp:term":[{"taxonomy":"product_cat","embeddable":true,"href":"https:\/\/perukikrakow.com.pl\/sklep\/wp-json\/wp\/v2\/product_cat?post=526"},{"taxonomy":"product_tag","embeddable":true,"href":"https:\/\/perukikrakow.com.pl\/sklep\/wp-json\/wp\/v2\/product_tag?post=526"}],"curies":[{"name":"wp","href":"https:\/\/api.w.org\/{rel}","templated":true}]}}