{"id":487,"date":"2022-06-08T22:00:58","date_gmt":"2022-06-08T20:00:58","guid":{"rendered":"https:\/\/perukikrakow.com.pl\/sklep\/?post_type=product&#038;p=487"},"modified":"2025-04-14T02:00:07","modified_gmt":"2025-04-14T00:00:07","slug":"marco-mono-w-kolorze-m5s","status":"publish","type":"product","link":"https:\/\/perukikrakow.com.pl\/sklep\/produkt\/marco-mono-w-kolorze-m5s\/","title":{"rendered":"MARCO MONO w kolorze M5S"},"content":{"rendered":"<p><img decoding=\"async\" src=\"https:\/\/perukikrakow.com.pl\/sklep\/wp-content\/uploads\/2022\/06\/ellen-wille_logo_11zon-1.jpg\" alt=\"ellen wille\" \/><br \/>\n<strong>Peruka wykonana z w\u0142osa syntetycznego<\/strong><\/p>\n<ul>\n<li>wykonanie ca\u0142kowicie r\u0119czne, na tiulu<\/li>\n<li>mikrosk\u00f3ra na g\u00f3rnej cz\u0119\u015bci g\u0142owy<\/li>\n<li>wra\u017cenie, \u017ce w\u0142osy wyrastaj\u0105 z\u00a0prawdziwej sk\u00f3ry g\u0142owy na g\u00f3rnej powierzchni<\/li>\n<li>mo\u017cliwa zmiana uczesania<\/li>\n<li>delikatno\u015b\u0107 i\u00a0du\u017cy komfort noszenia<\/li>\n<\/ul>\n","protected":false},"excerpt":{"rendered":"<p>Peruka wykonana z w\u0142osa syntetycznego wykonanie ca\u0142kowicie r\u0119czne, na tiulu mikrosk\u00f3ra na g\u00f3rnej cz\u0119\u015bci g\u0142owy wra\u017cenie, \u017ce w\u0142osy wyrastaj\u0105 z\u00a0prawdziwej sk\u00f3ry g\u0142owy na g\u00f3rnej powierzchni mo\u017cliwa zmiana uczesania delikatno\u015b\u0107 i\u00a0du\u017cy komfort noszenia<\/p>\n","protected":false},"featured_media":524,"comment_status":"open","ping_status":"closed","template":"","meta":[],"product_cat":[39,16,18],"product_tag":[],"class_list":["post-487","product","type-product","status-publish","has-post-thumbnail","hentry","product_cat-ellen-wille","product_cat-peruki","product_cat-peruki-meskie","product-grid-view"],"_links":{"self":[{"href":"https:\/\/perukikrakow.com.pl\/sklep\/wp-json\/wp\/v2\/product\/487","targetHints":{"allow":["GET"]}}],"collection":[{"href":"https:\/\/perukikrakow.com.pl\/sklep\/wp-json\/wp\/v2\/product"}],"about":[{"href":"https:\/\/perukikrakow.com.pl\/sklep\/wp-json\/wp\/v2\/types\/product"}],"replies":[{"embeddable":true,"href":"https:\/\/perukikrakow.com.pl\/sklep\/wp-json\/wp\/v2\/comments?post=487"}],"wp:featuredmedia":[{"embeddable":true,"href":"https:\/\/perukikrakow.com.pl\/sklep\/wp-json\/wp\/v2\/media\/524"}],"wp:attachment":[{"href":"https:\/\/perukikrakow.com.pl\/sklep\/wp-json\/wp\/v2\/media?parent=487"}],"wp:term":[{"taxonomy":"product_cat","embeddable":true,"href":"https:\/\/perukikrakow.com.pl\/sklep\/wp-json\/wp\/v2\/product_cat?post=487"},{"taxonomy":"product_tag","embeddable":true,"href":"https:\/\/perukikrakow.com.pl\/sklep\/wp-json\/wp\/v2\/product_tag?post=487"}],"curies":[{"name":"wp","href":"https:\/\/api.w.org\/{rel}","templated":true}]}}