{"id":4281,"date":"2022-07-19T08:14:45","date_gmt":"2022-07-19T06:14:45","guid":{"rendered":"https:\/\/perukikrakow.com.pl\/sklep\/?post_type=product&#038;p=4281"},"modified":"2022-07-19T08:17:34","modified_gmt":"2022-07-19T06:17:34","slug":"turban-baja-czarny","status":"publish","type":"product","link":"https:\/\/perukikrakow.com.pl\/sklep\/produkt\/turban-baja-czarny\/","title":{"rendered":"TURBAN BAJA czarny"},"content":{"rendered":"<p>Bardzo lekki, prosty, bezszwowy turban polecany do u\u017cytku codziennego. Wykonany jest z przepuszczaj\u0105cych powietrze w\u0142\u00f3kien bambusowych. Dost\u0119pny w wielu wersjach kolorystycznych. UWAGA: Wyboru koloru produktu nale\u017cy dokona\u0107 w oknie \u201eWERSJA KOLORU\u201d (z prawej strony).<\/p>\n","protected":false},"excerpt":{"rendered":"<p>Bardzo lekki, prosty, bezszwowy turban polecany do u\u017cytku codziennego. Wykonany jest z przepuszczaj\u0105cych powietrze w\u0142\u00f3kien bambusowych. Dost\u0119pny w wielu wersjach kolorystycznych. UWAGA: Wyboru koloru produktu nale\u017cy dokona\u0107 w oknie \u201eWERSJA KOLORU\u201d (z prawej strony).<\/p>\n","protected":false},"featured_media":4306,"comment_status":"open","ping_status":"closed","template":"","meta":[],"product_cat":[40,35],"product_tag":[],"class_list":["post-4281","product","type-product","status-publish","has-post-thumbnail","hentry","product_cat-premium","product_cat-turbany","product-grid-view"],"_links":{"self":[{"href":"https:\/\/perukikrakow.com.pl\/sklep\/wp-json\/wp\/v2\/product\/4281","targetHints":{"allow":["GET"]}}],"collection":[{"href":"https:\/\/perukikrakow.com.pl\/sklep\/wp-json\/wp\/v2\/product"}],"about":[{"href":"https:\/\/perukikrakow.com.pl\/sklep\/wp-json\/wp\/v2\/types\/product"}],"replies":[{"embeddable":true,"href":"https:\/\/perukikrakow.com.pl\/sklep\/wp-json\/wp\/v2\/comments?post=4281"}],"wp:featuredmedia":[{"embeddable":true,"href":"https:\/\/perukikrakow.com.pl\/sklep\/wp-json\/wp\/v2\/media\/4306"}],"wp:attachment":[{"href":"https:\/\/perukikrakow.com.pl\/sklep\/wp-json\/wp\/v2\/media?parent=4281"}],"wp:term":[{"taxonomy":"product_cat","embeddable":true,"href":"https:\/\/perukikrakow.com.pl\/sklep\/wp-json\/wp\/v2\/product_cat?post=4281"},{"taxonomy":"product_tag","embeddable":true,"href":"https:\/\/perukikrakow.com.pl\/sklep\/wp-json\/wp\/v2\/product_tag?post=4281"}],"curies":[{"name":"wp","href":"https:\/\/api.w.org\/{rel}","templated":true}]}}