{"id":428,"date":"2022-06-08T21:52:40","date_gmt":"2022-06-08T19:52:40","guid":{"rendered":"https:\/\/perukikrakow.com.pl\/sklep\/?post_type=product&#038;p=428"},"modified":"2022-07-15T05:03:41","modified_gmt":"2022-07-15T03:03:41","slug":"carlo-mono-w-kolorze-m38s-kolekcja-hairformance","status":"publish","type":"product","link":"https:\/\/perukikrakow.com.pl\/sklep\/produkt\/carlo-mono-w-kolorze-m38s-kolekcja-hairformance\/","title":{"rendered":"CARLO MONO w kolorze M38S Kolekcja HAIRFORMANCE"},"content":{"rendered":"<p><img decoding=\"async\" src=\"https:\/\/perukikrakow.com.pl\/sklep\/wp-content\/uploads\/2022\/06\/ellen-wille_logo_11zon-1.jpg\" alt=\"ellen wille\" \/><br \/>\n<strong>Peruka syntetyczna:<\/strong><\/p>\n<ul>\n<li>wykonanie ca\u0142kowicie r\u0119czne, na tiulu<\/li>\n<li>mikrosk\u00f3ra na g\u00f3rnej cz\u0119\u015bci g\u0142owy<\/li>\n<li>wra\u017cenie, \u017ce w\u0142osy wyrastaj\u0105 z\u00a0prawdziwej sk\u00f3ry g\u0142owy na g\u00f3rnej powierzchni<\/li>\n<li>mo\u017cliwa zmiana uczesania<\/li>\n<li>delikatno\u015b\u0107 i\u00a0du\u017cy komfort noszenia<\/li>\n<\/ul>\n","protected":false},"excerpt":{"rendered":"<p>Peruka syntetyczna: wykonanie ca\u0142kowicie r\u0119czne, na tiulu mikrosk\u00f3ra na g\u00f3rnej cz\u0119\u015bci g\u0142owy wra\u017cenie, \u017ce w\u0142osy wyrastaj\u0105 z\u00a0prawdziwej sk\u00f3ry g\u0142owy na g\u00f3rnej powierzchni mo\u017cliwa zmiana uczesania delikatno\u015b\u0107 i\u00a0du\u017cy komfort noszenia<\/p>\n","protected":false},"featured_media":449,"comment_status":"open","ping_status":"closed","template":"","meta":[],"product_cat":[39,16,18],"product_tag":[],"class_list":["post-428","product","type-product","status-publish","has-post-thumbnail","hentry","product_cat-ellen-wille","product_cat-peruki","product_cat-peruki-meskie","product-grid-view"],"_links":{"self":[{"href":"https:\/\/perukikrakow.com.pl\/sklep\/wp-json\/wp\/v2\/product\/428","targetHints":{"allow":["GET"]}}],"collection":[{"href":"https:\/\/perukikrakow.com.pl\/sklep\/wp-json\/wp\/v2\/product"}],"about":[{"href":"https:\/\/perukikrakow.com.pl\/sklep\/wp-json\/wp\/v2\/types\/product"}],"replies":[{"embeddable":true,"href":"https:\/\/perukikrakow.com.pl\/sklep\/wp-json\/wp\/v2\/comments?post=428"}],"wp:featuredmedia":[{"embeddable":true,"href":"https:\/\/perukikrakow.com.pl\/sklep\/wp-json\/wp\/v2\/media\/449"}],"wp:attachment":[{"href":"https:\/\/perukikrakow.com.pl\/sklep\/wp-json\/wp\/v2\/media?parent=428"}],"wp:term":[{"taxonomy":"product_cat","embeddable":true,"href":"https:\/\/perukikrakow.com.pl\/sklep\/wp-json\/wp\/v2\/product_cat?post=428"},{"taxonomy":"product_tag","embeddable":true,"href":"https:\/\/perukikrakow.com.pl\/sklep\/wp-json\/wp\/v2\/product_tag?post=428"}],"curies":[{"name":"wp","href":"https:\/\/api.w.org\/{rel}","templated":true}]}}