{"id":4094,"date":"2022-07-19T07:16:58","date_gmt":"2022-07-19T05:16:58","guid":{"rendered":"https:\/\/perukikrakow.com.pl\/sklep\/?post_type=product&#038;p=4094"},"modified":"2022-07-19T07:18:37","modified_gmt":"2022-07-19T05:18:37","slug":"turban-frida-t-18","status":"publish","type":"product","link":"https:\/\/perukikrakow.com.pl\/sklep\/produkt\/turban-frida-t-18\/","title":{"rendered":"TURBAN FRIDA T-18"},"content":{"rendered":"<p>Wygodny i efektowny turban, posiada kr\u00f3tkie troczki do zawi\u0105zania z ty\u0142u g\u0142owy. Forma przypominaj\u0105ca chusteczk\u0119. Dost\u0119pny w wielu wersjach kolorystycznych.<\/p>\n<p>Sk\u0142ad: 100% BAWE\u0141NA<\/p>\n","protected":false},"excerpt":{"rendered":"<p>Wygodny i efektowny turban, posiada kr\u00f3tkie troczki do zawi\u0105zania z ty\u0142u g\u0142owy. Forma przypominaj\u0105ca chusteczk\u0119. Dost\u0119pny w wielu wersjach kolorystycznych. Sk\u0142ad: 100% BAWE\u0141NA<\/p>\n","protected":false},"featured_media":4108,"comment_status":"open","ping_status":"closed","template":"","meta":[],"product_cat":[40,35],"product_tag":[],"class_list":["post-4094","product","type-product","status-publish","has-post-thumbnail","hentry","product_cat-premium","product_cat-turbany","product-grid-view"],"_links":{"self":[{"href":"https:\/\/perukikrakow.com.pl\/sklep\/wp-json\/wp\/v2\/product\/4094","targetHints":{"allow":["GET"]}}],"collection":[{"href":"https:\/\/perukikrakow.com.pl\/sklep\/wp-json\/wp\/v2\/product"}],"about":[{"href":"https:\/\/perukikrakow.com.pl\/sklep\/wp-json\/wp\/v2\/types\/product"}],"replies":[{"embeddable":true,"href":"https:\/\/perukikrakow.com.pl\/sklep\/wp-json\/wp\/v2\/comments?post=4094"}],"wp:featuredmedia":[{"embeddable":true,"href":"https:\/\/perukikrakow.com.pl\/sklep\/wp-json\/wp\/v2\/media\/4108"}],"wp:attachment":[{"href":"https:\/\/perukikrakow.com.pl\/sklep\/wp-json\/wp\/v2\/media?parent=4094"}],"wp:term":[{"taxonomy":"product_cat","embeddable":true,"href":"https:\/\/perukikrakow.com.pl\/sklep\/wp-json\/wp\/v2\/product_cat?post=4094"},{"taxonomy":"product_tag","embeddable":true,"href":"https:\/\/perukikrakow.com.pl\/sklep\/wp-json\/wp\/v2\/product_tag?post=4094"}],"curies":[{"name":"wp","href":"https:\/\/api.w.org\/{rel}","templated":true}]}}