{"id":3807,"date":"2022-07-19T05:33:59","date_gmt":"2022-07-19T03:33:59","guid":{"rendered":"https:\/\/perukikrakow.com.pl\/sklep\/?post_type=product&#038;p=3807"},"modified":"2022-07-19T05:39:35","modified_gmt":"2022-07-19T03:39:35","slug":"turban-ela-storczyk","status":"publish","type":"product","link":"https:\/\/perukikrakow.com.pl\/sklep\/produkt\/turban-ela-storczyk\/","title":{"rendered":"TURBAN ELA STORCZYK"},"content":{"rendered":"<p>\u0141adny i wygodny turban niewymagaj\u0105cy stylizacji.<br \/>\nOkalaj\u0105ca g\u0142ow\u0119 szeroka cz\u0119\u015b\u0107 opaski z dodatkow\u0105 ozdobnie skr\u0119con\u0105 szarf\u0105 \u0142\u0105czy si\u0119 z subtelnie drapowan\u0105 g\u00f3rn\u0105 cz\u0119\u015bci\u0105 nadaj\u0105c\u0105 nieco obj\u0119to\u015bci.<br \/>\nTurban dobrze si\u0119 uk\u0142ada i dekoracyjnie dope\u0142nia str\u00f3j.<\/p>\n<p>Sk\u0142ad: 92% bawe\u0142na, 8% elastan<\/p>\n","protected":false},"excerpt":{"rendered":"<p>\u0141adny i wygodny turban niewymagaj\u0105cy stylizacji. Okalaj\u0105ca g\u0142ow\u0119 szeroka cz\u0119\u015b\u0107 opaski z dodatkow\u0105 ozdobnie skr\u0119con\u0105 szarf\u0105 \u0142\u0105czy si\u0119 z subtelnie drapowan\u0105 g\u00f3rn\u0105 cz\u0119\u015bci\u0105 nadaj\u0105c\u0105 nieco obj\u0119to\u015bci. Turban dobrze si\u0119 uk\u0142ada i dekoracyjnie dope\u0142nia str\u00f3j. Sk\u0142ad: 92% bawe\u0142na, 8% elastan<\/p>\n","protected":false},"featured_media":3838,"comment_status":"open","ping_status":"closed","template":"","meta":[],"product_cat":[40,35],"product_tag":[],"class_list":["post-3807","product","type-product","status-publish","has-post-thumbnail","hentry","product_cat-premium","product_cat-turbany","product-grid-view"],"_links":{"self":[{"href":"https:\/\/perukikrakow.com.pl\/sklep\/wp-json\/wp\/v2\/product\/3807","targetHints":{"allow":["GET"]}}],"collection":[{"href":"https:\/\/perukikrakow.com.pl\/sklep\/wp-json\/wp\/v2\/product"}],"about":[{"href":"https:\/\/perukikrakow.com.pl\/sklep\/wp-json\/wp\/v2\/types\/product"}],"replies":[{"embeddable":true,"href":"https:\/\/perukikrakow.com.pl\/sklep\/wp-json\/wp\/v2\/comments?post=3807"}],"wp:featuredmedia":[{"embeddable":true,"href":"https:\/\/perukikrakow.com.pl\/sklep\/wp-json\/wp\/v2\/media\/3838"}],"wp:attachment":[{"href":"https:\/\/perukikrakow.com.pl\/sklep\/wp-json\/wp\/v2\/media?parent=3807"}],"wp:term":[{"taxonomy":"product_cat","embeddable":true,"href":"https:\/\/perukikrakow.com.pl\/sklep\/wp-json\/wp\/v2\/product_cat?post=3807"},{"taxonomy":"product_tag","embeddable":true,"href":"https:\/\/perukikrakow.com.pl\/sklep\/wp-json\/wp\/v2\/product_tag?post=3807"}],"curies":[{"name":"wp","href":"https:\/\/api.w.org\/{rel}","templated":true}]}}