{"id":3767,"date":"2022-07-19T05:07:12","date_gmt":"2022-07-19T03:07:12","guid":{"rendered":"https:\/\/perukikrakow.com.pl\/sklep\/?post_type=product&#038;p=3767"},"modified":"2022-07-19T05:08:51","modified_gmt":"2022-07-19T03:08:51","slug":"turban-athens-65","status":"publish","type":"product","link":"https:\/\/perukikrakow.com.pl\/sklep\/produkt\/turban-athens-65\/","title":{"rendered":"TURBAN ATHENS 65"},"content":{"rendered":"<p>Lekki turban z daszkiem, \u015bwietny na s\u0142oneczne dni. Uszyty z przewiewnego materia\u0142u. Daszek idealnie chroni przed s\u0142o\u0144cem. Dost\u0119pny w paru wersjach kolorystycznych. UWAGA: Wyboru koloru produktu nale\u017cy dokona\u0107 w oknie \u201eWERSJA KOLORU\u201d (z prawej strony).<\/p>\n<p>Sk\u0142ad: 100% BAWE\u0141NA<\/p>\n","protected":false},"excerpt":{"rendered":"<p>Lekki turban z daszkiem, \u015bwietny na s\u0142oneczne dni. Uszyty z przewiewnego materia\u0142u. Daszek idealnie chroni przed s\u0142o\u0144cem. Dost\u0119pny w paru wersjach kolorystycznych. UWAGA: Wyboru koloru produktu nale\u017cy dokona\u0107 w oknie \u201eWERSJA KOLORU\u201d (z prawej strony). Sk\u0142ad: 100% BAWE\u0141NA<\/p>\n","protected":false},"featured_media":3775,"comment_status":"open","ping_status":"closed","template":"","meta":[],"product_cat":[41,35],"product_tag":[],"class_list":["post-3767","product","type-product","status-publish","has-post-thumbnail","hentry","product_cat-chusty","product_cat-turbany","product-grid-view"],"_links":{"self":[{"href":"https:\/\/perukikrakow.com.pl\/sklep\/wp-json\/wp\/v2\/product\/3767","targetHints":{"allow":["GET"]}}],"collection":[{"href":"https:\/\/perukikrakow.com.pl\/sklep\/wp-json\/wp\/v2\/product"}],"about":[{"href":"https:\/\/perukikrakow.com.pl\/sklep\/wp-json\/wp\/v2\/types\/product"}],"replies":[{"embeddable":true,"href":"https:\/\/perukikrakow.com.pl\/sklep\/wp-json\/wp\/v2\/comments?post=3767"}],"wp:featuredmedia":[{"embeddable":true,"href":"https:\/\/perukikrakow.com.pl\/sklep\/wp-json\/wp\/v2\/media\/3775"}],"wp:attachment":[{"href":"https:\/\/perukikrakow.com.pl\/sklep\/wp-json\/wp\/v2\/media?parent=3767"}],"wp:term":[{"taxonomy":"product_cat","embeddable":true,"href":"https:\/\/perukikrakow.com.pl\/sklep\/wp-json\/wp\/v2\/product_cat?post=3767"},{"taxonomy":"product_tag","embeddable":true,"href":"https:\/\/perukikrakow.com.pl\/sklep\/wp-json\/wp\/v2\/product_tag?post=3767"}],"curies":[{"name":"wp","href":"https:\/\/api.w.org\/{rel}","templated":true}]}}