{"id":3688,"date":"2022-07-12T04:41:24","date_gmt":"2022-07-12T02:41:24","guid":{"rendered":"https:\/\/perukikrakow.com.pl\/sklep\/?post_type=product&#038;p=3688"},"modified":"2022-07-19T05:02:38","modified_gmt":"2022-07-19T03:02:38","slug":"turban-crocus-t-24","status":"publish","type":"product","link":"https:\/\/perukikrakow.com.pl\/sklep\/produkt\/turban-crocus-t-24\/","title":{"rendered":"TURBAN CROCUS T-24"},"content":{"rendered":"<p>Lekki turban do u\u017cytku codziennego. Posiada ozdobne drapowanie w przedniej cz\u0119\u015bci, dzi\u0119ki czemu ca\u0142o\u015b\u0107 nabiera obj\u0119to\u015bci i nie przylega mocno do g\u0142owy. Dost\u0119pny w wielu wersjach kolorystycznych.<\/p>\n<p>Sk\u0142ad: 100% WISKOZA<\/p>\n","protected":false},"excerpt":{"rendered":"<p>Lekki turban do u\u017cytku codziennego. Posiada ozdobne drapowanie w przedniej cz\u0119\u015bci, dzi\u0119ki czemu ca\u0142o\u015b\u0107 nabiera obj\u0119to\u015bci i nie przylega mocno do g\u0142owy. Dost\u0119pny w wielu wersjach kolorystycznych. Sk\u0142ad: 100% WISKOZA<\/p>\n","protected":false},"featured_media":3716,"comment_status":"open","ping_status":"closed","template":"","meta":[],"product_cat":[41,35],"product_tag":[],"class_list":["post-3688","product","type-product","status-publish","has-post-thumbnail","hentry","product_cat-chusty","product_cat-turbany","product-grid-view"],"_links":{"self":[{"href":"https:\/\/perukikrakow.com.pl\/sklep\/wp-json\/wp\/v2\/product\/3688","targetHints":{"allow":["GET"]}}],"collection":[{"href":"https:\/\/perukikrakow.com.pl\/sklep\/wp-json\/wp\/v2\/product"}],"about":[{"href":"https:\/\/perukikrakow.com.pl\/sklep\/wp-json\/wp\/v2\/types\/product"}],"replies":[{"embeddable":true,"href":"https:\/\/perukikrakow.com.pl\/sklep\/wp-json\/wp\/v2\/comments?post=3688"}],"wp:featuredmedia":[{"embeddable":true,"href":"https:\/\/perukikrakow.com.pl\/sklep\/wp-json\/wp\/v2\/media\/3716"}],"wp:attachment":[{"href":"https:\/\/perukikrakow.com.pl\/sklep\/wp-json\/wp\/v2\/media?parent=3688"}],"wp:term":[{"taxonomy":"product_cat","embeddable":true,"href":"https:\/\/perukikrakow.com.pl\/sklep\/wp-json\/wp\/v2\/product_cat?post=3688"},{"taxonomy":"product_tag","embeddable":true,"href":"https:\/\/perukikrakow.com.pl\/sklep\/wp-json\/wp\/v2\/product_tag?post=3688"}],"curies":[{"name":"wp","href":"https:\/\/api.w.org\/{rel}","templated":true}]}}