{"id":3625,"date":"2022-07-12T04:32:03","date_gmt":"2022-07-12T02:32:03","guid":{"rendered":"https:\/\/perukikrakow.com.pl\/sklep\/?post_type=product&#038;p=3625"},"modified":"2022-07-19T05:01:52","modified_gmt":"2022-07-19T03:01:52","slug":"turban-felicja-new-1872","status":"publish","type":"product","link":"https:\/\/perukikrakow.com.pl\/sklep\/produkt\/turban-felicja-new-1872\/","title":{"rendered":"TURBAN FELICJA NEW 1872"},"content":{"rendered":"<p>Prosty do u\u0142o\u017cenia, lekki i wygodny turban w formie chustki. Posiada delikatne drapowanie po bokach oraz kr\u00f3tkie szarfy do zawi\u0105zania z ty\u0142u. Jest wykonany z naturalnych materia\u0142\u00f3w.<\/p>\n<p>Sk\u0142ad: 100% wiskoza<\/p>\n","protected":false},"excerpt":{"rendered":"<p>Prosty do u\u0142o\u017cenia, lekki i wygodny turban w formie chustki. Posiada delikatne drapowanie po bokach oraz kr\u00f3tkie szarfy do zawi\u0105zania z ty\u0142u. Jest wykonany z naturalnych materia\u0142\u00f3w. Sk\u0142ad: 100% wiskoza<\/p>\n","protected":false},"featured_media":3669,"comment_status":"open","ping_status":"closed","template":"","meta":[],"product_cat":[41,35],"product_tag":[],"class_list":["post-3625","product","type-product","status-publish","has-post-thumbnail","hentry","product_cat-chusty","product_cat-turbany","product-grid-view"],"_links":{"self":[{"href":"https:\/\/perukikrakow.com.pl\/sklep\/wp-json\/wp\/v2\/product\/3625","targetHints":{"allow":["GET"]}}],"collection":[{"href":"https:\/\/perukikrakow.com.pl\/sklep\/wp-json\/wp\/v2\/product"}],"about":[{"href":"https:\/\/perukikrakow.com.pl\/sklep\/wp-json\/wp\/v2\/types\/product"}],"replies":[{"embeddable":true,"href":"https:\/\/perukikrakow.com.pl\/sklep\/wp-json\/wp\/v2\/comments?post=3625"}],"wp:featuredmedia":[{"embeddable":true,"href":"https:\/\/perukikrakow.com.pl\/sklep\/wp-json\/wp\/v2\/media\/3669"}],"wp:attachment":[{"href":"https:\/\/perukikrakow.com.pl\/sklep\/wp-json\/wp\/v2\/media?parent=3625"}],"wp:term":[{"taxonomy":"product_cat","embeddable":true,"href":"https:\/\/perukikrakow.com.pl\/sklep\/wp-json\/wp\/v2\/product_cat?post=3625"},{"taxonomy":"product_tag","embeddable":true,"href":"https:\/\/perukikrakow.com.pl\/sklep\/wp-json\/wp\/v2\/product_tag?post=3625"}],"curies":[{"name":"wp","href":"https:\/\/api.w.org\/{rel}","templated":true}]}}