{"id":3612,"date":"2022-07-12T02:44:28","date_gmt":"2022-07-12T00:44:28","guid":{"rendered":"https:\/\/perukikrakow.com.pl\/sklep\/?post_type=product&#038;p=3612"},"modified":"2022-07-12T02:46:59","modified_gmt":"2022-07-12T00:46:59","slug":"turban-daisy-t-1","status":"publish","type":"product","link":"https:\/\/perukikrakow.com.pl\/sklep\/produkt\/turban-daisy-t-1\/","title":{"rendered":"TURBAN DAISY T-1"},"content":{"rendered":"<p>Turban z lekkiego materia\u0142u posiadaj\u0105cy kr\u00f3tkie troczki do zawi\u0105zania z ty\u0142u g\u0142owy. Prosty kr\u00f3j sprawia, \u017ce pasuje do ka\u017cdej stylizacji.<\/p>\n<p>Sk\u0142ad: 100% WISKOZA<\/p>\n","protected":false},"excerpt":{"rendered":"<p>Turban z lekkiego materia\u0142u posiadaj\u0105cy kr\u00f3tkie troczki do zawi\u0105zania z ty\u0142u g\u0142owy. Prosty kr\u00f3j sprawia, \u017ce pasuje do ka\u017cdej stylizacji. Sk\u0142ad: 100% WISKOZA<\/p>\n","protected":false},"featured_media":3624,"comment_status":"open","ping_status":"closed","template":"","meta":[],"product_cat":[38,35],"product_tag":[],"class_list":["post-3612","product","type-product","status-publish","has-post-thumbnail","hentry","product_cat-flower","product_cat-turbany","product-grid-view"],"_links":{"self":[{"href":"https:\/\/perukikrakow.com.pl\/sklep\/wp-json\/wp\/v2\/product\/3612","targetHints":{"allow":["GET"]}}],"collection":[{"href":"https:\/\/perukikrakow.com.pl\/sklep\/wp-json\/wp\/v2\/product"}],"about":[{"href":"https:\/\/perukikrakow.com.pl\/sklep\/wp-json\/wp\/v2\/types\/product"}],"replies":[{"embeddable":true,"href":"https:\/\/perukikrakow.com.pl\/sklep\/wp-json\/wp\/v2\/comments?post=3612"}],"wp:featuredmedia":[{"embeddable":true,"href":"https:\/\/perukikrakow.com.pl\/sklep\/wp-json\/wp\/v2\/media\/3624"}],"wp:attachment":[{"href":"https:\/\/perukikrakow.com.pl\/sklep\/wp-json\/wp\/v2\/media?parent=3612"}],"wp:term":[{"taxonomy":"product_cat","embeddable":true,"href":"https:\/\/perukikrakow.com.pl\/sklep\/wp-json\/wp\/v2\/product_cat?post=3612"},{"taxonomy":"product_tag","embeddable":true,"href":"https:\/\/perukikrakow.com.pl\/sklep\/wp-json\/wp\/v2\/product_tag?post=3612"}],"curies":[{"name":"wp","href":"https:\/\/api.w.org\/{rel}","templated":true}]}}