{"id":3323,"date":"2022-07-05T18:08:59","date_gmt":"2022-07-05T16:08:59","guid":{"rendered":"https:\/\/perukikrakow.com.pl\/sklep\/?post_type=product&#038;p=3323"},"modified":"2022-07-05T18:10:49","modified_gmt":"2022-07-05T16:10:49","slug":"turban-aruba-bm103","status":"publish","type":"product","link":"https:\/\/perukikrakow.com.pl\/sklep\/produkt\/turban-aruba-bm103\/","title":{"rendered":"TURBAN ARUBA BM103"},"content":{"rendered":"<p>Nawi\u0105zanie do stylu retro w tym modelu osi\u0105gni\u0119to poprzez zebranie tkaniny w kszta\u0142t odwr\u00f3conego V nad czo\u0142em.<\/p>\n<p>Spi\u0119trzenie materia\u0142u z ty\u0142u wok\u00f3\u0142 szwu tworzy du\u017c\u0105 ilo\u015b\u0107 marszcze\u0144 i tak powsta\u0142a jeszcze wi\u0119ksza obj\u0119to\u015b\u0107 wok\u00f3\u0142 g\u0142owy.<\/p>\n<p>Sk\u0142ad: 95% bambus, 5% elastan<\/p>\n","protected":false},"excerpt":{"rendered":"<p>Nawi\u0105zanie do stylu retro w tym modelu osi\u0105gni\u0119to poprzez zebranie tkaniny w kszta\u0142t odwr\u00f3conego V nad czo\u0142em. Spi\u0119trzenie materia\u0142u z ty\u0142u wok\u00f3\u0142 szwu tworzy du\u017c\u0105 ilo\u015b\u0107 marszcze\u0144 i tak powsta\u0142a jeszcze wi\u0119ksza obj\u0119to\u015b\u0107 wok\u00f3\u0142 g\u0142owy. Sk\u0142ad: 95% bambus, 5% elastan<\/p>\n","protected":false},"featured_media":3334,"comment_status":"open","ping_status":"closed","template":"","meta":[],"product_cat":[36,35],"product_tag":[],"class_list":["post-3323","product","type-product","status-publish","has-post-thumbnail","hentry","product_cat-bamboo-islands","product_cat-turbany","product-grid-view"],"_links":{"self":[{"href":"https:\/\/perukikrakow.com.pl\/sklep\/wp-json\/wp\/v2\/product\/3323","targetHints":{"allow":["GET"]}}],"collection":[{"href":"https:\/\/perukikrakow.com.pl\/sklep\/wp-json\/wp\/v2\/product"}],"about":[{"href":"https:\/\/perukikrakow.com.pl\/sklep\/wp-json\/wp\/v2\/types\/product"}],"replies":[{"embeddable":true,"href":"https:\/\/perukikrakow.com.pl\/sklep\/wp-json\/wp\/v2\/comments?post=3323"}],"wp:featuredmedia":[{"embeddable":true,"href":"https:\/\/perukikrakow.com.pl\/sklep\/wp-json\/wp\/v2\/media\/3334"}],"wp:attachment":[{"href":"https:\/\/perukikrakow.com.pl\/sklep\/wp-json\/wp\/v2\/media?parent=3323"}],"wp:term":[{"taxonomy":"product_cat","embeddable":true,"href":"https:\/\/perukikrakow.com.pl\/sklep\/wp-json\/wp\/v2\/product_cat?post=3323"},{"taxonomy":"product_tag","embeddable":true,"href":"https:\/\/perukikrakow.com.pl\/sklep\/wp-json\/wp\/v2\/product_tag?post=3323"}],"curies":[{"name":"wp","href":"https:\/\/api.w.org\/{rel}","templated":true}]}}