{"id":3188,"date":"2022-07-05T17:48:04","date_gmt":"2022-07-05T15:48:04","guid":{"rendered":"https:\/\/perukikrakow.com.pl\/sklep\/?post_type=product&#038;p=3188"},"modified":"2022-07-05T17:50:50","modified_gmt":"2022-07-05T15:50:50","slug":"turban-samoa-b178","status":"publish","type":"product","link":"https:\/\/perukikrakow.com.pl\/sklep\/produkt\/turban-samoa-b178\/","title":{"rendered":"TURBAN SAMOA B178"},"content":{"rendered":"<p>Lekki bambusowy turban na cienkiej podszewce. Nad czo\u0142em i z ty\u0142u jest delikatnie marszczony, aby nada\u0107 nieco obj\u0119to\u015bci. Samoa to elegancki i wygodny dodatek, a na wiosenne i jesienne dni b\u0119dzie \u015bwietn\u0105 przej\u015bciow\u0105 czapeczk\u0105.<\/p>\n<p>Sk\u0142ad: 95% bambus, 5% elastan<\/p>\n","protected":false},"excerpt":{"rendered":"<p>Lekki bambusowy turban na cienkiej podszewce. Nad czo\u0142em i z ty\u0142u jest delikatnie marszczony, aby nada\u0107 nieco obj\u0119to\u015bci. Samoa to elegancki i wygodny dodatek, a na wiosenne i jesienne dni b\u0119dzie \u015bwietn\u0105 przej\u015bciow\u0105 czapeczk\u0105. Sk\u0142ad: 95% bambus, 5% elastan<\/p>\n","protected":false},"featured_media":3206,"comment_status":"open","ping_status":"closed","template":"","meta":[],"product_cat":[36,35],"product_tag":[],"class_list":["post-3188","product","type-product","status-publish","has-post-thumbnail","hentry","product_cat-bamboo-islands","product_cat-turbany","product-grid-view"],"_links":{"self":[{"href":"https:\/\/perukikrakow.com.pl\/sklep\/wp-json\/wp\/v2\/product\/3188","targetHints":{"allow":["GET"]}}],"collection":[{"href":"https:\/\/perukikrakow.com.pl\/sklep\/wp-json\/wp\/v2\/product"}],"about":[{"href":"https:\/\/perukikrakow.com.pl\/sklep\/wp-json\/wp\/v2\/types\/product"}],"replies":[{"embeddable":true,"href":"https:\/\/perukikrakow.com.pl\/sklep\/wp-json\/wp\/v2\/comments?post=3188"}],"wp:featuredmedia":[{"embeddable":true,"href":"https:\/\/perukikrakow.com.pl\/sklep\/wp-json\/wp\/v2\/media\/3206"}],"wp:attachment":[{"href":"https:\/\/perukikrakow.com.pl\/sklep\/wp-json\/wp\/v2\/media?parent=3188"}],"wp:term":[{"taxonomy":"product_cat","embeddable":true,"href":"https:\/\/perukikrakow.com.pl\/sklep\/wp-json\/wp\/v2\/product_cat?post=3188"},{"taxonomy":"product_tag","embeddable":true,"href":"https:\/\/perukikrakow.com.pl\/sklep\/wp-json\/wp\/v2\/product_tag?post=3188"}],"curies":[{"name":"wp","href":"https:\/\/api.w.org\/{rel}","templated":true}]}}