{"id":3072,"date":"2022-06-24T09:24:45","date_gmt":"2022-06-24T07:24:45","guid":{"rendered":"https:\/\/perukikrakow.com.pl\/sklep\/?post_type=product&#038;p=3072"},"modified":"2022-06-24T09:25:14","modified_gmt":"2022-06-24T07:25:14","slug":"zestaw-hit-szampon-i-serum","status":"publish","type":"product","link":"https:\/\/perukikrakow.com.pl\/sklep\/produkt\/zestaw-hit-szampon-i-serum\/","title":{"rendered":"Zestaw HIT! &#8211; Szampon i Serum"},"content":{"rendered":"<div id=\"description-long\" class=\"description tinymce_html col-xs-12\">\n<p>Zestaw kosmetyk\u00f3w HIT! Szampon (200 ml) oraz serum w kroplach (60 ml).<\/p>\n<p>Kosmetyki HIT! to specjalna, oryginalna formu\u0142a opracowana w celu przy\u015bpieszenia procesu odrostu w\u0142osa oraz zapobiegaj\u0105ca jego wypadaniu. Owoc d\u0142ugoletnich bada\u0144 naukowych oraz nowoczesnych metod pozyskiwania naturalnych i w 100% ro\u015blinnych surowc\u00f3w. Przeprowadzone badania potwierdzi\u0142y widoczne rezultaty kuracji bez \u017cadnych skutk\u00f3w ubocznych, przeznaczone zar\u00f3wno dla m\u0119\u017cczyzn i kobiet.<\/p>\n<\/div>\n","protected":false},"excerpt":{"rendered":"<p>Zestaw kosmetyk\u00f3w HIT! Szampon (200 ml) oraz serum w kroplach (60 ml). Kosmetyki HIT! to specjalna, oryginalna formu\u0142a opracowana w celu przy\u015bpieszenia procesu odrostu w\u0142osa oraz zapobiegaj\u0105ca jego wypadaniu. Owoc d\u0142ugoletnich bada\u0144 naukowych oraz nowoczesnych metod pozyskiwania naturalnych i w 100% ro\u015blinnych surowc\u00f3w. Przeprowadzone badania potwierdzi\u0142y widoczne rezultaty kuracji bez \u017cadnych skutk\u00f3w ubocznych, przeznaczone zar\u00f3wno [&hellip;]<\/p>\n","protected":false},"featured_media":3073,"comment_status":"open","ping_status":"closed","template":"","meta":[],"product_cat":[34],"product_tag":[],"class_list":["post-3072","product","type-product","status-publish","has-post-thumbnail","hentry","product_cat-kosmetyki","product-grid-view"],"_links":{"self":[{"href":"https:\/\/perukikrakow.com.pl\/sklep\/wp-json\/wp\/v2\/product\/3072","targetHints":{"allow":["GET"]}}],"collection":[{"href":"https:\/\/perukikrakow.com.pl\/sklep\/wp-json\/wp\/v2\/product"}],"about":[{"href":"https:\/\/perukikrakow.com.pl\/sklep\/wp-json\/wp\/v2\/types\/product"}],"replies":[{"embeddable":true,"href":"https:\/\/perukikrakow.com.pl\/sklep\/wp-json\/wp\/v2\/comments?post=3072"}],"wp:featuredmedia":[{"embeddable":true,"href":"https:\/\/perukikrakow.com.pl\/sklep\/wp-json\/wp\/v2\/media\/3073"}],"wp:attachment":[{"href":"https:\/\/perukikrakow.com.pl\/sklep\/wp-json\/wp\/v2\/media?parent=3072"}],"wp:term":[{"taxonomy":"product_cat","embeddable":true,"href":"https:\/\/perukikrakow.com.pl\/sklep\/wp-json\/wp\/v2\/product_cat?post=3072"},{"taxonomy":"product_tag","embeddable":true,"href":"https:\/\/perukikrakow.com.pl\/sklep\/wp-json\/wp\/v2\/product_tag?post=3072"}],"curies":[{"name":"wp","href":"https:\/\/api.w.org\/{rel}","templated":true}]}}