{"id":3070,"date":"2022-06-24T09:24:08","date_gmt":"2022-06-24T07:24:08","guid":{"rendered":"https:\/\/perukikrakow.com.pl\/sklep\/?post_type=product&#038;p=3070"},"modified":"2022-06-24T09:24:32","modified_gmt":"2022-06-24T07:24:32","slug":"activ-cleaner-lotion-250ml","status":"publish","type":"product","link":"https:\/\/perukikrakow.com.pl\/sklep\/produkt\/activ-cleaner-lotion-250ml\/","title":{"rendered":"ACTIV &#8211; Cleaner Lotion 250ml"},"content":{"rendered":"<div id=\"description-long\" class=\"description tinymce_html col-xs-12\">\n<p>Idealnie usuwa pozosta\u0142o\u015bci kleju oraz zanieczyszcze\u0144. Uwaga! Produkt nie jest przeznaczony do mycia w\u0142os\u00f3w.<\/p>\n<\/div>\n","protected":false},"excerpt":{"rendered":"<p>Idealnie usuwa pozosta\u0142o\u015bci kleju oraz zanieczyszcze\u0144. Uwaga! Produkt nie jest przeznaczony do mycia w\u0142os\u00f3w.<\/p>\n","protected":false},"featured_media":3071,"comment_status":"open","ping_status":"closed","template":"","meta":[],"product_cat":[34],"product_tag":[],"class_list":["post-3070","product","type-product","status-publish","has-post-thumbnail","hentry","product_cat-kosmetyki","product-grid-view"],"_links":{"self":[{"href":"https:\/\/perukikrakow.com.pl\/sklep\/wp-json\/wp\/v2\/product\/3070","targetHints":{"allow":["GET"]}}],"collection":[{"href":"https:\/\/perukikrakow.com.pl\/sklep\/wp-json\/wp\/v2\/product"}],"about":[{"href":"https:\/\/perukikrakow.com.pl\/sklep\/wp-json\/wp\/v2\/types\/product"}],"replies":[{"embeddable":true,"href":"https:\/\/perukikrakow.com.pl\/sklep\/wp-json\/wp\/v2\/comments?post=3070"}],"wp:featuredmedia":[{"embeddable":true,"href":"https:\/\/perukikrakow.com.pl\/sklep\/wp-json\/wp\/v2\/media\/3071"}],"wp:attachment":[{"href":"https:\/\/perukikrakow.com.pl\/sklep\/wp-json\/wp\/v2\/media?parent=3070"}],"wp:term":[{"taxonomy":"product_cat","embeddable":true,"href":"https:\/\/perukikrakow.com.pl\/sklep\/wp-json\/wp\/v2\/product_cat?post=3070"},{"taxonomy":"product_tag","embeddable":true,"href":"https:\/\/perukikrakow.com.pl\/sklep\/wp-json\/wp\/v2\/product_tag?post=3070"}],"curies":[{"name":"wp","href":"https:\/\/api.w.org\/{rel}","templated":true}]}}