{"id":3068,"date":"2022-06-24T09:23:07","date_gmt":"2022-06-24T07:23:07","guid":{"rendered":"https:\/\/perukikrakow.com.pl\/sklep\/?post_type=product&#038;p=3068"},"modified":"2022-06-24T09:23:43","modified_gmt":"2022-06-24T07:23:43","slug":"activ-color-balance-200ml","status":"publish","type":"product","link":"https:\/\/perukikrakow.com.pl\/sklep\/produkt\/activ-color-balance-200ml\/","title":{"rendered":"ACTIV &#8211; Color Balance 200ml"},"content":{"rendered":"<div id=\"description-long\" class=\"description tinymce_html col-xs-12\">\n<p>Ochrona koloru. Koniec z blakni\u0119ciem i p\u0142owieniem koloru w\u0142os\u00f3w naturalnych. Color balance wyr\u00f3wnuje drobne i powa\u017cne r\u00f3\u017cnice w kolorze.<\/p>\n<\/div>\n","protected":false},"excerpt":{"rendered":"<p>Ochrona koloru. Koniec z blakni\u0119ciem i p\u0142owieniem koloru w\u0142os\u00f3w naturalnych. Color balance wyr\u00f3wnuje drobne i powa\u017cne r\u00f3\u017cnice w kolorze.<\/p>\n","protected":false},"featured_media":3069,"comment_status":"open","ping_status":"closed","template":"","meta":[],"product_cat":[34],"product_tag":[],"class_list":["post-3068","product","type-product","status-publish","has-post-thumbnail","hentry","product_cat-kosmetyki","product-grid-view"],"_links":{"self":[{"href":"https:\/\/perukikrakow.com.pl\/sklep\/wp-json\/wp\/v2\/product\/3068","targetHints":{"allow":["GET"]}}],"collection":[{"href":"https:\/\/perukikrakow.com.pl\/sklep\/wp-json\/wp\/v2\/product"}],"about":[{"href":"https:\/\/perukikrakow.com.pl\/sklep\/wp-json\/wp\/v2\/types\/product"}],"replies":[{"embeddable":true,"href":"https:\/\/perukikrakow.com.pl\/sklep\/wp-json\/wp\/v2\/comments?post=3068"}],"wp:featuredmedia":[{"embeddable":true,"href":"https:\/\/perukikrakow.com.pl\/sklep\/wp-json\/wp\/v2\/media\/3069"}],"wp:attachment":[{"href":"https:\/\/perukikrakow.com.pl\/sklep\/wp-json\/wp\/v2\/media?parent=3068"}],"wp:term":[{"taxonomy":"product_cat","embeddable":true,"href":"https:\/\/perukikrakow.com.pl\/sklep\/wp-json\/wp\/v2\/product_cat?post=3068"},{"taxonomy":"product_tag","embeddable":true,"href":"https:\/\/perukikrakow.com.pl\/sklep\/wp-json\/wp\/v2\/product_tag?post=3068"}],"curies":[{"name":"wp","href":"https:\/\/api.w.org\/{rel}","templated":true}]}}