{"id":3066,"date":"2022-06-24T09:22:16","date_gmt":"2022-06-24T07:22:16","guid":{"rendered":"https:\/\/perukikrakow.com.pl\/sklep\/?post_type=product&#038;p=3066"},"modified":"2022-06-24T09:22:51","modified_gmt":"2022-06-24T07:22:51","slug":"scalp-protector-414-ml-14oz","status":"publish","type":"product","link":"https:\/\/perukikrakow.com.pl\/sklep\/produkt\/scalp-protector-414-ml-14oz\/","title":{"rendered":"Scalp Protector 41,4 ml (1,4oz.)"},"content":{"rendered":"<div id=\"description-long\" class=\"description tinymce_html col-xs-12\">\n<p>Zapewnia warstw\u0119 ochronn\u0105 zapobiegaj\u0105c\u0105 podra\u017cnieniom sk\u00f3ry. \u015awietny produkt do ochrony sk\u00f3ry wra\u017cliwej oraz przet\u0142uszczaj\u0105cej si\u0119. Zapobiega podra\u017cnieniom spowodowanym przez klej i ta\u015bmy, jednocze\u015bnie poprawia przyczepno\u015b\u0107. Doskonale sprawdza si\u0119 w gor\u0105cych i wilgotnych warunkach atmosferycznych. Idealny dla os\u00f3b uprawiaj\u0105cych sport lub z t\u0142ust\u0105 sk\u00f3r\u0105. Mo\u017ce by\u0107 r\u00f3wnie\u017c stosowany w celu u\u0142atwienia czyszczenia systemu.<\/p>\n<p>Butelka z aplikatorem o poj. 41,4 ml.<\/p>\n<\/div>\n","protected":false},"excerpt":{"rendered":"<p>Zapewnia warstw\u0119 ochronn\u0105 zapobiegaj\u0105c\u0105 podra\u017cnieniom sk\u00f3ry. \u015awietny produkt do ochrony sk\u00f3ry wra\u017cliwej oraz przet\u0142uszczaj\u0105cej si\u0119. Zapobiega podra\u017cnieniom spowodowanym przez klej i ta\u015bmy, jednocze\u015bnie poprawia przyczepno\u015b\u0107. Doskonale sprawdza si\u0119 w gor\u0105cych i wilgotnych warunkach atmosferycznych. Idealny dla os\u00f3b uprawiaj\u0105cych sport lub z t\u0142ust\u0105 sk\u00f3r\u0105. Mo\u017ce by\u0107 r\u00f3wnie\u017c stosowany w celu u\u0142atwienia czyszczenia systemu. Butelka z aplikatorem [&hellip;]<\/p>\n","protected":false},"featured_media":3067,"comment_status":"open","ping_status":"closed","template":"","meta":[],"product_cat":[34],"product_tag":[],"class_list":["post-3066","product","type-product","status-publish","has-post-thumbnail","hentry","product_cat-kosmetyki","product-grid-view"],"_links":{"self":[{"href":"https:\/\/perukikrakow.com.pl\/sklep\/wp-json\/wp\/v2\/product\/3066","targetHints":{"allow":["GET"]}}],"collection":[{"href":"https:\/\/perukikrakow.com.pl\/sklep\/wp-json\/wp\/v2\/product"}],"about":[{"href":"https:\/\/perukikrakow.com.pl\/sklep\/wp-json\/wp\/v2\/types\/product"}],"replies":[{"embeddable":true,"href":"https:\/\/perukikrakow.com.pl\/sklep\/wp-json\/wp\/v2\/comments?post=3066"}],"wp:featuredmedia":[{"embeddable":true,"href":"https:\/\/perukikrakow.com.pl\/sklep\/wp-json\/wp\/v2\/media\/3067"}],"wp:attachment":[{"href":"https:\/\/perukikrakow.com.pl\/sklep\/wp-json\/wp\/v2\/media?parent=3066"}],"wp:term":[{"taxonomy":"product_cat","embeddable":true,"href":"https:\/\/perukikrakow.com.pl\/sklep\/wp-json\/wp\/v2\/product_cat?post=3066"},{"taxonomy":"product_tag","embeddable":true,"href":"https:\/\/perukikrakow.com.pl\/sklep\/wp-json\/wp\/v2\/product_tag?post=3066"}],"curies":[{"name":"wp","href":"https:\/\/api.w.org\/{rel}","templated":true}]}}