{"id":3040,"date":"2022-06-22T15:28:03","date_gmt":"2022-06-22T13:28:03","guid":{"rendered":"https:\/\/perukikrakow.com.pl\/sklep\/?post_type=product&#038;p=3040"},"modified":"2022-06-22T15:28:34","modified_gmt":"2022-06-22T13:28:34","slug":"lace-release-118ml","status":"publish","type":"product","link":"https:\/\/perukikrakow.com.pl\/sklep\/produkt\/lace-release-118ml\/","title":{"rendered":"Lace Release 118ml"},"content":{"rendered":"<div id=\"description-long\" class=\"description tinymce_html col-xs-12\">\n<p>Preparat w sprayu do demonta\u017cu ta\u015bm. Gwarantuje \u0142atwe usuni\u0119cie ta\u015bm, nawet z delikatnych element\u00f3w systemu (np. front lace), minimalizuj\u0105c ryzyko ich uszkodzenia. Nie jest t\u0142usty! Nanie\u015b\u0107 preparat na elementy przylepne, odczeka\u0107 chwilk\u0119 nast\u0119pnie zdj\u0105\u0107 system. Przy w\u0142a\u015bciwym stosowaniu, wi\u0119kszo\u015b\u0107 resztek kleju pozostaje na sk\u00f3rze g\u0142owy, a nie na systemie.<\/p>\n<p>Butelka ze sprayem o poj. 118ml<\/p>\n<\/div>\n","protected":false},"excerpt":{"rendered":"<p>Preparat w sprayu do demonta\u017cu ta\u015bm. Gwarantuje \u0142atwe usuni\u0119cie ta\u015bm, nawet z delikatnych element\u00f3w systemu (np. front lace), minimalizuj\u0105c ryzyko ich uszkodzenia. Nie jest t\u0142usty! Nanie\u015b\u0107 preparat na elementy przylepne, odczeka\u0107 chwilk\u0119 nast\u0119pnie zdj\u0105\u0107 system. Przy w\u0142a\u015bciwym stosowaniu, wi\u0119kszo\u015b\u0107 resztek kleju pozostaje na sk\u00f3rze g\u0142owy, a nie na systemie. Butelka ze sprayem o poj. 118ml<\/p>\n","protected":false},"featured_media":3041,"comment_status":"open","ping_status":"closed","template":"","meta":[],"product_cat":[34],"product_tag":[],"class_list":["post-3040","product","type-product","status-publish","has-post-thumbnail","hentry","product_cat-kosmetyki","product-grid-view"],"_links":{"self":[{"href":"https:\/\/perukikrakow.com.pl\/sklep\/wp-json\/wp\/v2\/product\/3040","targetHints":{"allow":["GET"]}}],"collection":[{"href":"https:\/\/perukikrakow.com.pl\/sklep\/wp-json\/wp\/v2\/product"}],"about":[{"href":"https:\/\/perukikrakow.com.pl\/sklep\/wp-json\/wp\/v2\/types\/product"}],"replies":[{"embeddable":true,"href":"https:\/\/perukikrakow.com.pl\/sklep\/wp-json\/wp\/v2\/comments?post=3040"}],"wp:featuredmedia":[{"embeddable":true,"href":"https:\/\/perukikrakow.com.pl\/sklep\/wp-json\/wp\/v2\/media\/3041"}],"wp:attachment":[{"href":"https:\/\/perukikrakow.com.pl\/sklep\/wp-json\/wp\/v2\/media?parent=3040"}],"wp:term":[{"taxonomy":"product_cat","embeddable":true,"href":"https:\/\/perukikrakow.com.pl\/sklep\/wp-json\/wp\/v2\/product_cat?post=3040"},{"taxonomy":"product_tag","embeddable":true,"href":"https:\/\/perukikrakow.com.pl\/sklep\/wp-json\/wp\/v2\/product_tag?post=3040"}],"curies":[{"name":"wp","href":"https:\/\/api.w.org\/{rel}","templated":true}]}}