{"id":3036,"date":"2022-06-22T15:26:50","date_gmt":"2022-06-22T13:26:50","guid":{"rendered":"https:\/\/perukikrakow.com.pl\/sklep\/?post_type=product&#038;p=3036"},"modified":"2022-06-22T15:27:15","modified_gmt":"2022-06-22T13:27:15","slug":"klej-ultra-hold-414ml","status":"publish","type":"product","link":"https:\/\/perukikrakow.com.pl\/sklep\/produkt\/klej-ultra-hold-414ml\/","title":{"rendered":"KLEJ Ultra Hold 41,4ml"},"content":{"rendered":"<div id=\"description-long\" class=\"description tinymce_html col-xs-12\">\n<p>Akrylowy klej do mocowania systemu o przezroczystej, nie \u017c\u00f3\u0142kn\u0105cej formule. Wodoodporny. Gwarantuje d\u0142ugotrwa\u0142e mocowanie.<br \/>\nWytrzyma\u0142o\u015b\u0107: 3-6 tygodni<br \/>\nButelka ze zintegrowan\u0105 szczoteczk\u0105 o poj. 41,4 ml.<\/p>\n<\/div>\n","protected":false},"excerpt":{"rendered":"<p>Akrylowy klej do mocowania systemu o przezroczystej, nie \u017c\u00f3\u0142kn\u0105cej formule. Wodoodporny. Gwarantuje d\u0142ugotrwa\u0142e mocowanie. Wytrzyma\u0142o\u015b\u0107: 3-6 tygodni Butelka ze zintegrowan\u0105 szczoteczk\u0105 o poj. 41,4 ml.<\/p>\n","protected":false},"featured_media":3037,"comment_status":"open","ping_status":"closed","template":"","meta":[],"product_cat":[34],"product_tag":[],"class_list":["post-3036","product","type-product","status-publish","has-post-thumbnail","hentry","product_cat-kosmetyki","product-grid-view"],"_links":{"self":[{"href":"https:\/\/perukikrakow.com.pl\/sklep\/wp-json\/wp\/v2\/product\/3036","targetHints":{"allow":["GET"]}}],"collection":[{"href":"https:\/\/perukikrakow.com.pl\/sklep\/wp-json\/wp\/v2\/product"}],"about":[{"href":"https:\/\/perukikrakow.com.pl\/sklep\/wp-json\/wp\/v2\/types\/product"}],"replies":[{"embeddable":true,"href":"https:\/\/perukikrakow.com.pl\/sklep\/wp-json\/wp\/v2\/comments?post=3036"}],"wp:featuredmedia":[{"embeddable":true,"href":"https:\/\/perukikrakow.com.pl\/sklep\/wp-json\/wp\/v2\/media\/3037"}],"wp:attachment":[{"href":"https:\/\/perukikrakow.com.pl\/sklep\/wp-json\/wp\/v2\/media?parent=3036"}],"wp:term":[{"taxonomy":"product_cat","embeddable":true,"href":"https:\/\/perukikrakow.com.pl\/sklep\/wp-json\/wp\/v2\/product_cat?post=3036"},{"taxonomy":"product_tag","embeddable":true,"href":"https:\/\/perukikrakow.com.pl\/sklep\/wp-json\/wp\/v2\/product_tag?post=3036"}],"curies":[{"name":"wp","href":"https:\/\/api.w.org\/{rel}","templated":true}]}}