{"id":3034,"date":"2022-06-22T15:26:13","date_gmt":"2022-06-22T13:26:13","guid":{"rendered":"https:\/\/perukikrakow.com.pl\/sklep\/?post_type=product&#038;p=3034"},"modified":"2022-06-22T15:26:43","modified_gmt":"2022-06-22T13:26:43","slug":"klej-safe-grip-101ml","status":"publish","type":"product","link":"https:\/\/perukikrakow.com.pl\/sklep\/produkt\/klej-safe-grip-101ml\/","title":{"rendered":"Klej SAFE GRIP 101ml"},"content":{"rendered":"<div id=\"description-long\" class=\"description tinymce_html col-xs-12\">\n<p>Klej na bazie wody, dzi\u0119ki temu mo\u017cna go usun\u0105\u0107 przy pomocy wody i myd\u0142a. Prawie bezwonny, odporny na dzia\u0142anie bakterii. Zapewnia d\u0142ugotrwa\u0142e mocowanie, po wyschni\u0119ciu przezroczysty.<br \/>\nWytrzyma\u0142o\u015b\u0107: 1-2 tygodnie<br \/>\nPojemno\u015b\u0107 101 ml<\/p>\n<\/div>\n","protected":false},"excerpt":{"rendered":"<p>Klej na bazie wody, dzi\u0119ki temu mo\u017cna go usun\u0105\u0107 przy pomocy wody i myd\u0142a. Prawie bezwonny, odporny na dzia\u0142anie bakterii. Zapewnia d\u0142ugotrwa\u0142e mocowanie, po wyschni\u0119ciu przezroczysty. Wytrzyma\u0142o\u015b\u0107: 1-2 tygodnie Pojemno\u015b\u0107 101 ml<\/p>\n","protected":false},"featured_media":3035,"comment_status":"open","ping_status":"closed","template":"","meta":[],"product_cat":[34],"product_tag":[],"class_list":["post-3034","product","type-product","status-publish","has-post-thumbnail","hentry","product_cat-kosmetyki","product-grid-view"],"_links":{"self":[{"href":"https:\/\/perukikrakow.com.pl\/sklep\/wp-json\/wp\/v2\/product\/3034","targetHints":{"allow":["GET"]}}],"collection":[{"href":"https:\/\/perukikrakow.com.pl\/sklep\/wp-json\/wp\/v2\/product"}],"about":[{"href":"https:\/\/perukikrakow.com.pl\/sklep\/wp-json\/wp\/v2\/types\/product"}],"replies":[{"embeddable":true,"href":"https:\/\/perukikrakow.com.pl\/sklep\/wp-json\/wp\/v2\/comments?post=3034"}],"wp:featuredmedia":[{"embeddable":true,"href":"https:\/\/perukikrakow.com.pl\/sklep\/wp-json\/wp\/v2\/media\/3035"}],"wp:attachment":[{"href":"https:\/\/perukikrakow.com.pl\/sklep\/wp-json\/wp\/v2\/media?parent=3034"}],"wp:term":[{"taxonomy":"product_cat","embeddable":true,"href":"https:\/\/perukikrakow.com.pl\/sklep\/wp-json\/wp\/v2\/product_cat?post=3034"},{"taxonomy":"product_tag","embeddable":true,"href":"https:\/\/perukikrakow.com.pl\/sklep\/wp-json\/wp\/v2\/product_tag?post=3034"}],"curies":[{"name":"wp","href":"https:\/\/api.w.org\/{rel}","templated":true}]}}