{"id":3021,"date":"2022-06-21T12:34:06","date_gmt":"2022-06-21T10:34:06","guid":{"rendered":"https:\/\/perukikrakow.com.pl\/sklep\/?post_type=product&#038;p=3021"},"modified":"2022-06-21T12:34:33","modified_gmt":"2022-06-21T10:34:33","slug":"leave-in-conditioner","status":"publish","type":"product","link":"https:\/\/perukikrakow.com.pl\/sklep\/produkt\/leave-in-conditioner\/","title":{"rendered":"Leave-in Conditioner"},"content":{"rendered":"<p>Doskona\u0142a od\u017cywka bez sp\u0142ukiwania. Od\u017cywka nawil\u017ca uzupe\u0142nione w\u0142osy, tym samym zabezpieczaj\u0105c je przed matowieniem oraz \u0142amaniem. Mo\u017cesz u\u017cy\u0107 tej od\u017cywki, kiedy tylko czujesz, \u017ce w\u0142osy staj\u0105 si\u0119 suche, \u017ceby przywr\u00f3ci\u0107 im blask i si\u0142\u0119. Wystarczy rozpyli\u0107 na w\u0142osach wed\u0142ug potrzeby. Dodatkowo u\u0142atwia rozczesywanie i chroni kolor! Z t\u0105 od\u017cywk\u0105 Twoje w\u0142osy b\u0119d\u0105 mi\u0119kkie w dotyku i pe\u0142ne blasku.<\/p>\n<p>Butelka ze sprayem o poj. 118 ml.<\/p>\n","protected":false},"excerpt":{"rendered":"<p>Doskona\u0142a od\u017cywka bez sp\u0142ukiwania. Od\u017cywka nawil\u017ca uzupe\u0142nione w\u0142osy, tym samym zabezpieczaj\u0105c je przed matowieniem oraz \u0142amaniem. Mo\u017cesz u\u017cy\u0107 tej od\u017cywki, kiedy tylko czujesz, \u017ce w\u0142osy staj\u0105 si\u0119 suche, \u017ceby przywr\u00f3ci\u0107 im blask i si\u0142\u0119. Wystarczy rozpyli\u0107 na w\u0142osach wed\u0142ug potrzeby. Dodatkowo u\u0142atwia rozczesywanie i chroni kolor! Z t\u0105 od\u017cywk\u0105 Twoje w\u0142osy b\u0119d\u0105 mi\u0119kkie w dotyku [&hellip;]<\/p>\n","protected":false},"featured_media":3022,"comment_status":"open","ping_status":"closed","template":"","meta":[],"product_cat":[34],"product_tag":[],"class_list":["post-3021","product","type-product","status-publish","has-post-thumbnail","hentry","product_cat-kosmetyki","product-grid-view"],"_links":{"self":[{"href":"https:\/\/perukikrakow.com.pl\/sklep\/wp-json\/wp\/v2\/product\/3021","targetHints":{"allow":["GET"]}}],"collection":[{"href":"https:\/\/perukikrakow.com.pl\/sklep\/wp-json\/wp\/v2\/product"}],"about":[{"href":"https:\/\/perukikrakow.com.pl\/sklep\/wp-json\/wp\/v2\/types\/product"}],"replies":[{"embeddable":true,"href":"https:\/\/perukikrakow.com.pl\/sklep\/wp-json\/wp\/v2\/comments?post=3021"}],"wp:featuredmedia":[{"embeddable":true,"href":"https:\/\/perukikrakow.com.pl\/sklep\/wp-json\/wp\/v2\/media\/3022"}],"wp:attachment":[{"href":"https:\/\/perukikrakow.com.pl\/sklep\/wp-json\/wp\/v2\/media?parent=3021"}],"wp:term":[{"taxonomy":"product_cat","embeddable":true,"href":"https:\/\/perukikrakow.com.pl\/sklep\/wp-json\/wp\/v2\/product_cat?post=3021"},{"taxonomy":"product_tag","embeddable":true,"href":"https:\/\/perukikrakow.com.pl\/sklep\/wp-json\/wp\/v2\/product_tag?post=3021"}],"curies":[{"name":"wp","href":"https:\/\/api.w.org\/{rel}","templated":true}]}}