{"id":3001,"date":"2022-06-21T12:21:11","date_gmt":"2022-06-21T10:21:11","guid":{"rendered":"https:\/\/perukikrakow.com.pl\/sklep\/?post_type=product&#038;p=3001"},"modified":"2022-06-21T12:21:44","modified_gmt":"2022-06-21T10:21:44","slug":"hair-me-szampon-do-peruk-naturalnych-275g","status":"publish","type":"product","link":"https:\/\/perukikrakow.com.pl\/sklep\/produkt\/hair-me-szampon-do-peruk-naturalnych-275g\/","title":{"rendered":"HAIR ME &#8211; Szampon do peruk naturalnych 275g"},"content":{"rendered":"<p>Szampon przeznaczony do peruk i\u00a0produkt\u00f3w wykonanych z\u00a0w\u0142os\u00f3w naturalnych.<\/p>\n<p>Jest kosmetykiem \u0142atwym w\u00a0u\u017cyciu, wraz z\u00a0mask\u0105 stanowi podstaw\u0119 piel\u0119gnacji. Dok\u0142adnie oczyszcza w\u0142osy z\u00a0potu, kurzu i\u00a0brudu, jednocze\u015bnie nie narusza ich struktury i\u00a0jest delikatny. Pomaga zachowa\u0107 higien\u0119 i\u00a0utrzyma\u0107 peruk\u0119 w\u00a0dobrej kondycji.<\/p>\n<p>Wygodna butelka 275g<\/p>\n","protected":false},"excerpt":{"rendered":"<p>Szampon przeznaczony do peruk i\u00a0produkt\u00f3w wykonanych z\u00a0w\u0142os\u00f3w naturalnych. Jest kosmetykiem \u0142atwym w\u00a0u\u017cyciu, wraz z\u00a0mask\u0105 stanowi podstaw\u0119 piel\u0119gnacji. Dok\u0142adnie oczyszcza w\u0142osy z\u00a0potu, kurzu i\u00a0brudu, jednocze\u015bnie nie narusza ich struktury i\u00a0jest delikatny. Pomaga zachowa\u0107 higien\u0119 i\u00a0utrzyma\u0107 peruk\u0119 w\u00a0dobrej kondycji. Wygodna butelka 275g<\/p>\n","protected":false},"featured_media":3002,"comment_status":"open","ping_status":"closed","template":"","meta":[],"product_cat":[34],"product_tag":[],"class_list":["post-3001","product","type-product","status-publish","has-post-thumbnail","hentry","product_cat-kosmetyki","product-grid-view"],"_links":{"self":[{"href":"https:\/\/perukikrakow.com.pl\/sklep\/wp-json\/wp\/v2\/product\/3001","targetHints":{"allow":["GET"]}}],"collection":[{"href":"https:\/\/perukikrakow.com.pl\/sklep\/wp-json\/wp\/v2\/product"}],"about":[{"href":"https:\/\/perukikrakow.com.pl\/sklep\/wp-json\/wp\/v2\/types\/product"}],"replies":[{"embeddable":true,"href":"https:\/\/perukikrakow.com.pl\/sklep\/wp-json\/wp\/v2\/comments?post=3001"}],"wp:featuredmedia":[{"embeddable":true,"href":"https:\/\/perukikrakow.com.pl\/sklep\/wp-json\/wp\/v2\/media\/3002"}],"wp:attachment":[{"href":"https:\/\/perukikrakow.com.pl\/sklep\/wp-json\/wp\/v2\/media?parent=3001"}],"wp:term":[{"taxonomy":"product_cat","embeddable":true,"href":"https:\/\/perukikrakow.com.pl\/sklep\/wp-json\/wp\/v2\/product_cat?post=3001"},{"taxonomy":"product_tag","embeddable":true,"href":"https:\/\/perukikrakow.com.pl\/sklep\/wp-json\/wp\/v2\/product_tag?post=3001"}],"curies":[{"name":"wp","href":"https:\/\/api.w.org\/{rel}","templated":true}]}}