{"id":2999,"date":"2022-06-21T12:20:28","date_gmt":"2022-06-21T10:20:28","guid":{"rendered":"https:\/\/perukikrakow.com.pl\/sklep\/?post_type=product&#038;p=2999"},"modified":"2022-07-13T04:05:05","modified_gmt":"2022-07-13T02:05:05","slug":"ellen-wille-pianka-do-stylizacji-peruk-naturalnych-i-syntetycznych-150ml","status":"publish","type":"product","link":"https:\/\/perukikrakow.com.pl\/sklep\/produkt\/ellen-wille-pianka-do-stylizacji-peruk-naturalnych-i-syntetycznych-150ml\/","title":{"rendered":"Ellen Wille &#8211; Pianka do stylizacji peruk naturalnych i syntetycznych 150ml"},"content":{"rendered":"<p><img decoding=\"async\" src=\"https:\/\/perukikrakow.com.pl\/sklep\/wp-content\/uploads\/2022\/06\/ellen-wille_logo_11zon-1.jpg\" alt=\"ellen wille\" \/><br \/>\nPianka do produkt\u00f3w z\u00a0w\u0142os\u00f3w naturalnych oraz syntetycznych. Dodaje obj\u0119to\u015bci, podkre\u015bla skr\u0119t lok\u00f3w, u\u0142atwia uk\u0142adanie. Dodatkowo nawil\u017ca i\u00a0poprawia wygl\u0105d w\u0142os\u00f3w.<\/p>\n<p>Produkt bez paraben\u00f3w, alkoholu i\u00a0aerozoli.<\/p>\n<p>Pojemno\u015b\u0107 150 ml<\/p>\n<p>Naturalne w\u0142osy: ilo\u015b\u0107 wielko\u015bci orzecha w\u0142oskiego rozprowadzi\u0107 na wilgotnych w\u0142osach, nast\u0119pnie wystylizowa\u0107 i\u00a0wysuszy\u0107.<br \/>\nSyntetyczne w\u0142osy: ilo\u015b\u0107 wielko\u015bci orzecha w\u0142oskiego rozprowadzi\u0107 na suchych w\u0142osach, nast\u0119pnie wystylizowa\u0107.<\/p>\n","protected":false},"excerpt":{"rendered":"<p>Pianka do produkt\u00f3w z\u00a0w\u0142os\u00f3w naturalnych oraz syntetycznych. Dodaje obj\u0119to\u015bci, podkre\u015bla skr\u0119t lok\u00f3w, u\u0142atwia uk\u0142adanie. Dodatkowo nawil\u017ca i\u00a0poprawia wygl\u0105d w\u0142os\u00f3w. Produkt bez paraben\u00f3w, alkoholu i\u00a0aerozoli. Pojemno\u015b\u0107 150 ml Naturalne w\u0142osy: ilo\u015b\u0107 wielko\u015bci orzecha w\u0142oskiego rozprowadzi\u0107 na wilgotnych w\u0142osach, nast\u0119pnie wystylizowa\u0107 i\u00a0wysuszy\u0107. Syntetyczne w\u0142osy: ilo\u015b\u0107 wielko\u015bci orzecha w\u0142oskiego rozprowadzi\u0107 na suchych w\u0142osach, nast\u0119pnie wystylizowa\u0107.<\/p>\n","protected":false},"featured_media":3000,"comment_status":"open","ping_status":"closed","template":"","meta":[],"product_cat":[39,34],"product_tag":[],"class_list":["post-2999","product","type-product","status-publish","has-post-thumbnail","hentry","product_cat-ellen-wille","product_cat-kosmetyki","product-grid-view"],"_links":{"self":[{"href":"https:\/\/perukikrakow.com.pl\/sklep\/wp-json\/wp\/v2\/product\/2999","targetHints":{"allow":["GET"]}}],"collection":[{"href":"https:\/\/perukikrakow.com.pl\/sklep\/wp-json\/wp\/v2\/product"}],"about":[{"href":"https:\/\/perukikrakow.com.pl\/sklep\/wp-json\/wp\/v2\/types\/product"}],"replies":[{"embeddable":true,"href":"https:\/\/perukikrakow.com.pl\/sklep\/wp-json\/wp\/v2\/comments?post=2999"}],"wp:featuredmedia":[{"embeddable":true,"href":"https:\/\/perukikrakow.com.pl\/sklep\/wp-json\/wp\/v2\/media\/3000"}],"wp:attachment":[{"href":"https:\/\/perukikrakow.com.pl\/sklep\/wp-json\/wp\/v2\/media?parent=2999"}],"wp:term":[{"taxonomy":"product_cat","embeddable":true,"href":"https:\/\/perukikrakow.com.pl\/sklep\/wp-json\/wp\/v2\/product_cat?post=2999"},{"taxonomy":"product_tag","embeddable":true,"href":"https:\/\/perukikrakow.com.pl\/sklep\/wp-json\/wp\/v2\/product_tag?post=2999"}],"curies":[{"name":"wp","href":"https:\/\/api.w.org\/{rel}","templated":true}]}}