{"id":2997,"date":"2022-06-21T12:19:54","date_gmt":"2022-06-21T10:19:54","guid":{"rendered":"https:\/\/perukikrakow.com.pl\/sklep\/?post_type=product&#038;p=2997"},"modified":"2022-07-13T04:05:16","modified_gmt":"2022-07-13T02:05:16","slug":"ellen-wille-zel-do-stylizacji-peruk-naturalnych-i-syntetycznych-100ml","status":"publish","type":"product","link":"https:\/\/perukikrakow.com.pl\/sklep\/produkt\/ellen-wille-zel-do-stylizacji-peruk-naturalnych-i-syntetycznych-100ml\/","title":{"rendered":"Ellen Wille &#8211; \u017bel do stylizacji peruk naturalnych i syntetycznych 100ml"},"content":{"rendered":"<p><img decoding=\"async\" src=\"https:\/\/perukikrakow.com.pl\/sklep\/wp-content\/uploads\/2022\/06\/ellen-wille_logo_11zon-1.jpg\" alt=\"ellen wille\" \/><br \/>\n\u017bel do modelowania ka\u017cdego rodzaju w\u0142os\u00f3w.<\/p>\n<p>Zapewnia \u0142atw\u0105 stylizacj\u0119 i d\u0142ugotrwa\u0142y efekt g\u0142adkich mokrych w\u0142os\u00f3w.<\/p>\n<p>Pojemno\u015b\u0107: 100ml<\/p>\n","protected":false},"excerpt":{"rendered":"<p>\u017bel do modelowania ka\u017cdego rodzaju w\u0142os\u00f3w. Zapewnia \u0142atw\u0105 stylizacj\u0119 i d\u0142ugotrwa\u0142y efekt g\u0142adkich mokrych w\u0142os\u00f3w. Pojemno\u015b\u0107: 100ml<\/p>\n","protected":false},"featured_media":2998,"comment_status":"open","ping_status":"closed","template":"","meta":[],"product_cat":[39,34],"product_tag":[],"class_list":["post-2997","product","type-product","status-publish","has-post-thumbnail","hentry","product_cat-ellen-wille","product_cat-kosmetyki","product-grid-view"],"_links":{"self":[{"href":"https:\/\/perukikrakow.com.pl\/sklep\/wp-json\/wp\/v2\/product\/2997","targetHints":{"allow":["GET"]}}],"collection":[{"href":"https:\/\/perukikrakow.com.pl\/sklep\/wp-json\/wp\/v2\/product"}],"about":[{"href":"https:\/\/perukikrakow.com.pl\/sklep\/wp-json\/wp\/v2\/types\/product"}],"replies":[{"embeddable":true,"href":"https:\/\/perukikrakow.com.pl\/sklep\/wp-json\/wp\/v2\/comments?post=2997"}],"wp:featuredmedia":[{"embeddable":true,"href":"https:\/\/perukikrakow.com.pl\/sklep\/wp-json\/wp\/v2\/media\/2998"}],"wp:attachment":[{"href":"https:\/\/perukikrakow.com.pl\/sklep\/wp-json\/wp\/v2\/media?parent=2997"}],"wp:term":[{"taxonomy":"product_cat","embeddable":true,"href":"https:\/\/perukikrakow.com.pl\/sklep\/wp-json\/wp\/v2\/product_cat?post=2997"},{"taxonomy":"product_tag","embeddable":true,"href":"https:\/\/perukikrakow.com.pl\/sklep\/wp-json\/wp\/v2\/product_tag?post=2997"}],"curies":[{"name":"wp","href":"https:\/\/api.w.org\/{rel}","templated":true}]}}