{"id":2994,"date":"2022-06-21T12:19:20","date_gmt":"2022-06-21T10:19:20","guid":{"rendered":"https:\/\/perukikrakow.com.pl\/sklep\/?post_type=product&#038;p=2994"},"modified":"2022-06-21T12:19:20","modified_gmt":"2022-06-21T10:19:20","slug":"best-care-szampon-do-peruk-syntetycznych-275g","status":"publish","type":"product","link":"https:\/\/perukikrakow.com.pl\/sklep\/produkt\/best-care-szampon-do-peruk-syntetycznych-275g\/","title":{"rendered":"BEST CARE &#8211; Szampon do peruk syntetycznych 275g"},"content":{"rendered":"<p>Szampon przeznaczony do mycia peruk i\u00a0produkt\u00f3w wykonanych z\u00a0w\u0142os\u00f3w syntetycznych.<\/p>\n<p>Jest \u0142atwym w\u00a0stosowaniu kosmetykiem, wraz z\u00a0balsamem stanowi podstaw\u0119 piel\u0119gnacji. Dok\u0142adnie oczyszcza w\u0142osy z\u00a0kurzu, brudu i\u00a0potu, a\u00a0jednocze\u015bnie jest dla nich delikatny. Pomaga zachowa\u0107 higien\u0119 i\u00a0wspiera utrzymanie dobrej kondycji peruki.<\/p>\n<p>Du\u017ca butelka 275g<\/p>\n","protected":false},"excerpt":{"rendered":"<p>Szampon przeznaczony do mycia peruk i\u00a0produkt\u00f3w wykonanych z\u00a0w\u0142os\u00f3w syntetycznych. Jest \u0142atwym w\u00a0stosowaniu kosmetykiem, wraz z\u00a0balsamem stanowi podstaw\u0119 piel\u0119gnacji. Dok\u0142adnie oczyszcza w\u0142osy z\u00a0kurzu, brudu i\u00a0potu, a\u00a0jednocze\u015bnie jest dla nich delikatny. Pomaga zachowa\u0107 higien\u0119 i\u00a0wspiera utrzymanie dobrej kondycji peruki. Du\u017ca butelka 275g<\/p>\n","protected":false},"featured_media":2995,"comment_status":"open","ping_status":"closed","template":"","meta":[],"product_cat":[34],"product_tag":[],"class_list":["post-2994","product","type-product","status-publish","has-post-thumbnail","hentry","product_cat-kosmetyki","product-grid-view"],"_links":{"self":[{"href":"https:\/\/perukikrakow.com.pl\/sklep\/wp-json\/wp\/v2\/product\/2994","targetHints":{"allow":["GET"]}}],"collection":[{"href":"https:\/\/perukikrakow.com.pl\/sklep\/wp-json\/wp\/v2\/product"}],"about":[{"href":"https:\/\/perukikrakow.com.pl\/sklep\/wp-json\/wp\/v2\/types\/product"}],"replies":[{"embeddable":true,"href":"https:\/\/perukikrakow.com.pl\/sklep\/wp-json\/wp\/v2\/comments?post=2994"}],"wp:featuredmedia":[{"embeddable":true,"href":"https:\/\/perukikrakow.com.pl\/sklep\/wp-json\/wp\/v2\/media\/2995"}],"wp:attachment":[{"href":"https:\/\/perukikrakow.com.pl\/sklep\/wp-json\/wp\/v2\/media?parent=2994"}],"wp:term":[{"taxonomy":"product_cat","embeddable":true,"href":"https:\/\/perukikrakow.com.pl\/sklep\/wp-json\/wp\/v2\/product_cat?post=2994"},{"taxonomy":"product_tag","embeddable":true,"href":"https:\/\/perukikrakow.com.pl\/sklep\/wp-json\/wp\/v2\/product_tag?post=2994"}],"curies":[{"name":"wp","href":"https:\/\/api.w.org\/{rel}","templated":true}]}}