{"id":2992,"date":"2022-06-21T11:21:53","date_gmt":"2022-06-21T09:21:53","guid":{"rendered":"https:\/\/perukikrakow.com.pl\/sklep\/?post_type=product&#038;p=2992"},"modified":"2022-06-21T11:22:22","modified_gmt":"2022-06-21T09:22:22","slug":"secondhair-polglowek-styropianowy-bialy","status":"publish","type":"product","link":"https:\/\/perukikrakow.com.pl\/sklep\/produkt\/secondhair-polglowek-styropianowy-bialy\/","title":{"rendered":"SECONDHAIR P\u00d3\u0141G\u0141\u00d3WEK STYROPIANOWY BIA\u0141Y"},"content":{"rendered":"<div id=\"description-long\" class=\"description tinymce_html col-xs-12\">\n<p>Idealna do przechowywania cz\u0119\u015bciowych system\u00f3w SecondHair. Cz\u0119\u015b\u0107 kompletu &#8211; styropianowa po\u0142\u00f3wka g\u0142\u00f3wki. Bez podstawki (nogi).<\/p>\n<\/div>\n","protected":false},"excerpt":{"rendered":"<p>Idealna do przechowywania cz\u0119\u015bciowych system\u00f3w SecondHair. Cz\u0119\u015b\u0107 kompletu &#8211; styropianowa po\u0142\u00f3wka g\u0142\u00f3wki. Bez podstawki (nogi).<\/p>\n","protected":false},"featured_media":2993,"comment_status":"open","ping_status":"closed","template":"","meta":[],"product_cat":[33],"product_tag":[],"class_list":["post-2992","product","type-product","status-publish","has-post-thumbnail","hentry","product_cat-akcesoria","product-grid-view"],"_links":{"self":[{"href":"https:\/\/perukikrakow.com.pl\/sklep\/wp-json\/wp\/v2\/product\/2992","targetHints":{"allow":["GET"]}}],"collection":[{"href":"https:\/\/perukikrakow.com.pl\/sklep\/wp-json\/wp\/v2\/product"}],"about":[{"href":"https:\/\/perukikrakow.com.pl\/sklep\/wp-json\/wp\/v2\/types\/product"}],"replies":[{"embeddable":true,"href":"https:\/\/perukikrakow.com.pl\/sklep\/wp-json\/wp\/v2\/comments?post=2992"}],"wp:featuredmedia":[{"embeddable":true,"href":"https:\/\/perukikrakow.com.pl\/sklep\/wp-json\/wp\/v2\/media\/2993"}],"wp:attachment":[{"href":"https:\/\/perukikrakow.com.pl\/sklep\/wp-json\/wp\/v2\/media?parent=2992"}],"wp:term":[{"taxonomy":"product_cat","embeddable":true,"href":"https:\/\/perukikrakow.com.pl\/sklep\/wp-json\/wp\/v2\/product_cat?post=2992"},{"taxonomy":"product_tag","embeddable":true,"href":"https:\/\/perukikrakow.com.pl\/sklep\/wp-json\/wp\/v2\/product_tag?post=2992"}],"curies":[{"name":"wp","href":"https:\/\/api.w.org\/{rel}","templated":true}]}}