{"id":2974,"date":"2022-06-21T11:16:26","date_gmt":"2022-06-21T09:16:26","guid":{"rendered":"https:\/\/perukikrakow.com.pl\/sklep\/?post_type=product&#038;p=2974"},"modified":"2022-06-21T11:16:55","modified_gmt":"2022-06-21T09:16:55","slug":"plaster-air-flex","status":"publish","type":"product","link":"https:\/\/perukikrakow.com.pl\/sklep\/produkt\/plaster-air-flex\/","title":{"rendered":"Plaster AIR FLEX"},"content":{"rendered":"<div id=\"description-long\" class=\"description tinymce_html col-xs-12\">\n<p>Bardzo lepki i elastyczny plaster. Mocny i trwa\u0142y. Doskona\u0142a alternatywa dla bondingu. Drobne dziurki gwarantuj\u0105 cyrkulacj\u0119 powietrza.<br \/>\nWytrzyma\u0142o\u015b\u0107: do 6 tygodni (w zale\u017cno\u015bci od temperatury, wilgotno\u015bci i t\u0142usto\u015bci sk\u00f3ry)<br \/>\nZastosowanie: uniwersalne<br \/>\nRozmiar paska: 38&#215;305 mm<\/p>\n<\/div>\n","protected":false},"excerpt":{"rendered":"<p>Bardzo lepki i elastyczny plaster. Mocny i trwa\u0142y. Doskona\u0142a alternatywa dla bondingu. Drobne dziurki gwarantuj\u0105 cyrkulacj\u0119 powietrza. Wytrzyma\u0142o\u015b\u0107: do 6 tygodni (w zale\u017cno\u015bci od temperatury, wilgotno\u015bci i t\u0142usto\u015bci sk\u00f3ry) Zastosowanie: uniwersalne Rozmiar paska: 38&#215;305 mm<\/p>\n","protected":false},"featured_media":2975,"comment_status":"open","ping_status":"closed","template":"","meta":[],"product_cat":[33],"product_tag":[],"class_list":["post-2974","product","type-product","status-publish","has-post-thumbnail","hentry","product_cat-akcesoria","product-grid-view"],"_links":{"self":[{"href":"https:\/\/perukikrakow.com.pl\/sklep\/wp-json\/wp\/v2\/product\/2974","targetHints":{"allow":["GET"]}}],"collection":[{"href":"https:\/\/perukikrakow.com.pl\/sklep\/wp-json\/wp\/v2\/product"}],"about":[{"href":"https:\/\/perukikrakow.com.pl\/sklep\/wp-json\/wp\/v2\/types\/product"}],"replies":[{"embeddable":true,"href":"https:\/\/perukikrakow.com.pl\/sklep\/wp-json\/wp\/v2\/comments?post=2974"}],"wp:featuredmedia":[{"embeddable":true,"href":"https:\/\/perukikrakow.com.pl\/sklep\/wp-json\/wp\/v2\/media\/2975"}],"wp:attachment":[{"href":"https:\/\/perukikrakow.com.pl\/sklep\/wp-json\/wp\/v2\/media?parent=2974"}],"wp:term":[{"taxonomy":"product_cat","embeddable":true,"href":"https:\/\/perukikrakow.com.pl\/sklep\/wp-json\/wp\/v2\/product_cat?post=2974"},{"taxonomy":"product_tag","embeddable":true,"href":"https:\/\/perukikrakow.com.pl\/sklep\/wp-json\/wp\/v2\/product_tag?post=2974"}],"curies":[{"name":"wp","href":"https:\/\/api.w.org\/{rel}","templated":true}]}}