{"id":2968,"date":"2022-06-21T11:14:45","date_gmt":"2022-06-21T09:14:45","guid":{"rendered":"https:\/\/perukikrakow.com.pl\/sklep\/?post_type=product&#038;p=2968"},"modified":"2022-06-21T11:15:17","modified_gmt":"2022-06-21T09:15:17","slug":"plaster-derma-tec-lace-front-rolka-19mm-dlugosc-275m","status":"publish","type":"product","link":"https:\/\/perukikrakow.com.pl\/sklep\/produkt\/plaster-derma-tec-lace-front-rolka-19mm-dlugosc-275m\/","title":{"rendered":"Plaster DERMA-TEC\/LACE FRONT &#8211; rolka 19mm (d\u0142ugo\u015b\u0107 2,75m)"},"content":{"rendered":"<div id=\"description-long\" class=\"description tinymce_html col-xs-12\">\n<p>Cienki, mocny, wodoodporny. Zastosowanie: front lace, uzupe\u0142nienia bez folii pu.<\/p>\n<p>Wytrzyma\u0142o\u015b\u0107: 1-3 tygodnie<\/p>\n<p>Rolka: 19mm x 2,75m<\/p>\n<\/div>\n","protected":false},"excerpt":{"rendered":"<p>Cienki, mocny, wodoodporny. Zastosowanie: front lace, uzupe\u0142nienia bez folii pu. Wytrzyma\u0142o\u015b\u0107: 1-3 tygodnie Rolka: 19mm x 2,75m<\/p>\n","protected":false},"featured_media":2969,"comment_status":"open","ping_status":"closed","template":"","meta":[],"product_cat":[33],"product_tag":[],"class_list":["post-2968","product","type-product","status-publish","has-post-thumbnail","hentry","product_cat-akcesoria","product-grid-view"],"_links":{"self":[{"href":"https:\/\/perukikrakow.com.pl\/sklep\/wp-json\/wp\/v2\/product\/2968","targetHints":{"allow":["GET"]}}],"collection":[{"href":"https:\/\/perukikrakow.com.pl\/sklep\/wp-json\/wp\/v2\/product"}],"about":[{"href":"https:\/\/perukikrakow.com.pl\/sklep\/wp-json\/wp\/v2\/types\/product"}],"replies":[{"embeddable":true,"href":"https:\/\/perukikrakow.com.pl\/sklep\/wp-json\/wp\/v2\/comments?post=2968"}],"wp:featuredmedia":[{"embeddable":true,"href":"https:\/\/perukikrakow.com.pl\/sklep\/wp-json\/wp\/v2\/media\/2969"}],"wp:attachment":[{"href":"https:\/\/perukikrakow.com.pl\/sklep\/wp-json\/wp\/v2\/media?parent=2968"}],"wp:term":[{"taxonomy":"product_cat","embeddable":true,"href":"https:\/\/perukikrakow.com.pl\/sklep\/wp-json\/wp\/v2\/product_cat?post=2968"},{"taxonomy":"product_tag","embeddable":true,"href":"https:\/\/perukikrakow.com.pl\/sklep\/wp-json\/wp\/v2\/product_tag?post=2968"}],"curies":[{"name":"wp","href":"https:\/\/api.w.org\/{rel}","templated":true}]}}