{"id":2966,"date":"2022-06-21T11:14:10","date_gmt":"2022-06-21T09:14:10","guid":{"rendered":"https:\/\/perukikrakow.com.pl\/sklep\/?post_type=product&#038;p=2966"},"modified":"2022-06-21T11:14:39","modified_gmt":"2022-06-21T09:14:39","slug":"plaster-german-brown-premium-rolka-25mm-dlugosc-275m","status":"publish","type":"product","link":"https:\/\/perukikrakow.com.pl\/sklep\/produkt\/plaster-german-brown-premium-rolka-25mm-dlugosc-275m\/","title":{"rendered":"Plaster GERMAN BROWN\/PREMIUM &#8211; rolka 25mm (d\u0142ugo\u015b\u0107 2,75m)"},"content":{"rendered":"<div id=\"description-long\" class=\"description tinymce_html col-xs-12\">\n<p>Dwustronny, nieprzezroczysty o kremowym kolorze. Cienki materia\u0142 bazowy. Silne i bezpieczne mocowanie.<\/p>\n<p>Wytrzyma\u0142o\u015b\u0107: 1-2 tygodnie.<\/p>\n<p>Rolka o wymiarze: 25mm x 2,75m<\/p>\n<\/div>\n","protected":false},"excerpt":{"rendered":"<p>Dwustronny, nieprzezroczysty o kremowym kolorze. Cienki materia\u0142 bazowy. Silne i bezpieczne mocowanie. Wytrzyma\u0142o\u015b\u0107: 1-2 tygodnie. Rolka o wymiarze: 25mm x 2,75m<\/p>\n","protected":false},"featured_media":2967,"comment_status":"open","ping_status":"closed","template":"","meta":[],"product_cat":[33],"product_tag":[],"class_list":["post-2966","product","type-product","status-publish","has-post-thumbnail","hentry","product_cat-akcesoria","product-grid-view"],"_links":{"self":[{"href":"https:\/\/perukikrakow.com.pl\/sklep\/wp-json\/wp\/v2\/product\/2966","targetHints":{"allow":["GET"]}}],"collection":[{"href":"https:\/\/perukikrakow.com.pl\/sklep\/wp-json\/wp\/v2\/product"}],"about":[{"href":"https:\/\/perukikrakow.com.pl\/sklep\/wp-json\/wp\/v2\/types\/product"}],"replies":[{"embeddable":true,"href":"https:\/\/perukikrakow.com.pl\/sklep\/wp-json\/wp\/v2\/comments?post=2966"}],"wp:featuredmedia":[{"embeddable":true,"href":"https:\/\/perukikrakow.com.pl\/sklep\/wp-json\/wp\/v2\/media\/2967"}],"wp:attachment":[{"href":"https:\/\/perukikrakow.com.pl\/sklep\/wp-json\/wp\/v2\/media?parent=2966"}],"wp:term":[{"taxonomy":"product_cat","embeddable":true,"href":"https:\/\/perukikrakow.com.pl\/sklep\/wp-json\/wp\/v2\/product_cat?post=2966"},{"taxonomy":"product_tag","embeddable":true,"href":"https:\/\/perukikrakow.com.pl\/sklep\/wp-json\/wp\/v2\/product_tag?post=2966"}],"curies":[{"name":"wp","href":"https:\/\/api.w.org\/{rel}","templated":true}]}}