{"id":2964,"date":"2022-06-21T11:13:43","date_gmt":"2022-06-21T09:13:43","guid":{"rendered":"https:\/\/perukikrakow.com.pl\/sklep\/?post_type=product&#038;p=2964"},"modified":"2022-06-21T11:14:09","modified_gmt":"2022-06-21T09:14:09","slug":"plaster-sensi-tak-rolka-25mm-dlugosc-275m","status":"publish","type":"product","link":"https:\/\/perukikrakow.com.pl\/sklep\/produkt\/plaster-sensi-tak-rolka-25mm-dlugosc-275m\/","title":{"rendered":"Plaster SENSI-TAK &#8211; rolka 25mm (d\u0142ugo\u015b\u0107 2,75m)"},"content":{"rendered":"<div id=\"description-long\" class=\"description tinymce_html col-xs-12\">\n<p>Bezpieczny dla sk\u00f3ry, przezroczysty. \u0141atwy w czyszczeniu.<br \/>\nWytrzyma\u0142o\u015b\u0107: 1-2 tygodnie<br \/>\nZastosowanie: uniwersalne<br \/>\nRolka: 25 mm * 2,75 m<\/p>\n<\/div>\n","protected":false},"excerpt":{"rendered":"<p>Bezpieczny dla sk\u00f3ry, przezroczysty. \u0141atwy w czyszczeniu. Wytrzyma\u0142o\u015b\u0107: 1-2 tygodnie Zastosowanie: uniwersalne Rolka: 25 mm * 2,75 m<\/p>\n","protected":false},"featured_media":2965,"comment_status":"open","ping_status":"closed","template":"","meta":[],"product_cat":[33],"product_tag":[],"class_list":["post-2964","product","type-product","status-publish","has-post-thumbnail","hentry","product_cat-akcesoria","product-grid-view"],"_links":{"self":[{"href":"https:\/\/perukikrakow.com.pl\/sklep\/wp-json\/wp\/v2\/product\/2964","targetHints":{"allow":["GET"]}}],"collection":[{"href":"https:\/\/perukikrakow.com.pl\/sklep\/wp-json\/wp\/v2\/product"}],"about":[{"href":"https:\/\/perukikrakow.com.pl\/sklep\/wp-json\/wp\/v2\/types\/product"}],"replies":[{"embeddable":true,"href":"https:\/\/perukikrakow.com.pl\/sklep\/wp-json\/wp\/v2\/comments?post=2964"}],"wp:featuredmedia":[{"embeddable":true,"href":"https:\/\/perukikrakow.com.pl\/sklep\/wp-json\/wp\/v2\/media\/2965"}],"wp:attachment":[{"href":"https:\/\/perukikrakow.com.pl\/sklep\/wp-json\/wp\/v2\/media?parent=2964"}],"wp:term":[{"taxonomy":"product_cat","embeddable":true,"href":"https:\/\/perukikrakow.com.pl\/sklep\/wp-json\/wp\/v2\/product_cat?post=2964"},{"taxonomy":"product_tag","embeddable":true,"href":"https:\/\/perukikrakow.com.pl\/sklep\/wp-json\/wp\/v2\/product_tag?post=2964"}],"curies":[{"name":"wp","href":"https:\/\/api.w.org\/{rel}","templated":true}]}}