{"id":2962,"date":"2022-06-21T11:13:13","date_gmt":"2022-06-21T09:13:13","guid":{"rendered":"https:\/\/perukikrakow.com.pl\/sklep\/?post_type=product&#038;p=2962"},"modified":"2022-06-21T11:13:39","modified_gmt":"2022-06-21T09:13:39","slug":"plaster-superstick-rolka-25mm-dlugosc-275m","status":"publish","type":"product","link":"https:\/\/perukikrakow.com.pl\/sklep\/produkt\/plaster-superstick-rolka-25mm-dlugosc-275m\/","title":{"rendered":"Plaster SUPERSTICK &#8211; rolka 25mm (d\u0142ugo\u015b\u0107 2,75m)"},"content":{"rendered":"<div id=\"description-long\" class=\"description tinymce_html col-xs-12\">\n<p>Przezroczysty, dwustronny, mocny.<\/p>\n<p>Wytrzyma\u0142o\u015b\u0107: 1-2 tygodnie<br \/>\nZastosowanie: do mocowania w uzupe\u0142nieniach z PU, idealny dla os\u00f3b uprawiaj\u0105cych sport.<br \/>\nRolka o wymiarze: 25mm * 2,75m<\/p>\n<\/div>\n","protected":false},"excerpt":{"rendered":"<p>Przezroczysty, dwustronny, mocny. Wytrzyma\u0142o\u015b\u0107: 1-2 tygodnie Zastosowanie: do mocowania w uzupe\u0142nieniach z PU, idealny dla os\u00f3b uprawiaj\u0105cych sport. Rolka o wymiarze: 25mm * 2,75m<\/p>\n","protected":false},"featured_media":2963,"comment_status":"open","ping_status":"closed","template":"","meta":[],"product_cat":[33],"product_tag":[],"class_list":["post-2962","product","type-product","status-publish","has-post-thumbnail","hentry","product_cat-akcesoria","product-grid-view"],"_links":{"self":[{"href":"https:\/\/perukikrakow.com.pl\/sklep\/wp-json\/wp\/v2\/product\/2962","targetHints":{"allow":["GET"]}}],"collection":[{"href":"https:\/\/perukikrakow.com.pl\/sklep\/wp-json\/wp\/v2\/product"}],"about":[{"href":"https:\/\/perukikrakow.com.pl\/sklep\/wp-json\/wp\/v2\/types\/product"}],"replies":[{"embeddable":true,"href":"https:\/\/perukikrakow.com.pl\/sklep\/wp-json\/wp\/v2\/comments?post=2962"}],"wp:featuredmedia":[{"embeddable":true,"href":"https:\/\/perukikrakow.com.pl\/sklep\/wp-json\/wp\/v2\/media\/2963"}],"wp:attachment":[{"href":"https:\/\/perukikrakow.com.pl\/sklep\/wp-json\/wp\/v2\/media?parent=2962"}],"wp:term":[{"taxonomy":"product_cat","embeddable":true,"href":"https:\/\/perukikrakow.com.pl\/sklep\/wp-json\/wp\/v2\/product_cat?post=2962"},{"taxonomy":"product_tag","embeddable":true,"href":"https:\/\/perukikrakow.com.pl\/sklep\/wp-json\/wp\/v2\/product_tag?post=2962"}],"curies":[{"name":"wp","href":"https:\/\/api.w.org\/{rel}","templated":true}]}}