{"id":2952,"date":"2022-06-21T11:09:57","date_gmt":"2022-06-21T09:09:57","guid":{"rendered":"https:\/\/perukikrakow.com.pl\/sklep\/?post_type=product&#038;p=2952"},"modified":"2022-06-21T11:10:21","modified_gmt":"2022-06-21T09:10:21","slug":"plaster-no-shine-rolka-25mm-dlugosc-275m","status":"publish","type":"product","link":"https:\/\/perukikrakow.com.pl\/sklep\/produkt\/plaster-no-shine-rolka-25mm-dlugosc-275m\/","title":{"rendered":"Plaster NO-SHINE &#8211; rolka 25mm (d\u0142ugo\u015b\u0107 2,75m)"},"content":{"rendered":"<div id=\"description-long\" class=\"description tinymce_html col-xs-12\">\n<p>Matowe wyko\u0144czenie, praktycznie niewidzialny. Elastyczny, bardzo mocny i lepki. Mo\u017ce wymaga\u0107 troch\u0119 wi\u0119cej wprawy w u\u017cyciu.<br \/>\nWytrzyma\u0142o\u015b\u0107: 3-5 tygodni<br \/>\nRolka o wymiarze: 25 mm * 2,75 m<\/p>\n<\/div>\n","protected":false},"excerpt":{"rendered":"<p>Matowe wyko\u0144czenie, praktycznie niewidzialny. Elastyczny, bardzo mocny i lepki. Mo\u017ce wymaga\u0107 troch\u0119 wi\u0119cej wprawy w u\u017cyciu. Wytrzyma\u0142o\u015b\u0107: 3-5 tygodni Rolka o wymiarze: 25 mm * 2,75 m<\/p>\n","protected":false},"featured_media":2953,"comment_status":"open","ping_status":"closed","template":"","meta":[],"product_cat":[33],"product_tag":[],"class_list":["post-2952","product","type-product","status-publish","has-post-thumbnail","hentry","product_cat-akcesoria","product-grid-view"],"_links":{"self":[{"href":"https:\/\/perukikrakow.com.pl\/sklep\/wp-json\/wp\/v2\/product\/2952","targetHints":{"allow":["GET"]}}],"collection":[{"href":"https:\/\/perukikrakow.com.pl\/sklep\/wp-json\/wp\/v2\/product"}],"about":[{"href":"https:\/\/perukikrakow.com.pl\/sklep\/wp-json\/wp\/v2\/types\/product"}],"replies":[{"embeddable":true,"href":"https:\/\/perukikrakow.com.pl\/sklep\/wp-json\/wp\/v2\/comments?post=2952"}],"wp:featuredmedia":[{"embeddable":true,"href":"https:\/\/perukikrakow.com.pl\/sklep\/wp-json\/wp\/v2\/media\/2953"}],"wp:attachment":[{"href":"https:\/\/perukikrakow.com.pl\/sklep\/wp-json\/wp\/v2\/media?parent=2952"}],"wp:term":[{"taxonomy":"product_cat","embeddable":true,"href":"https:\/\/perukikrakow.com.pl\/sklep\/wp-json\/wp\/v2\/product_cat?post=2952"},{"taxonomy":"product_tag","embeddable":true,"href":"https:\/\/perukikrakow.com.pl\/sklep\/wp-json\/wp\/v2\/product_tag?post=2952"}],"curies":[{"name":"wp","href":"https:\/\/api.w.org\/{rel}","templated":true}]}}