{"id":2948,"date":"2022-06-21T11:07:54","date_gmt":"2022-06-21T09:07:54","guid":{"rendered":"https:\/\/perukikrakow.com.pl\/sklep\/?post_type=product&#038;p=2948"},"modified":"2022-06-21T11:08:27","modified_gmt":"2022-06-21T09:08:27","slug":"plaster-pro-flex-ii-rolka-25mm-dlugosc-275m","status":"publish","type":"product","link":"https:\/\/perukikrakow.com.pl\/sklep\/produkt\/plaster-pro-flex-ii-rolka-25mm-dlugosc-275m\/","title":{"rendered":"Plaster PRO-FLEX II &#8211; rolka 25mm (d\u0142ugo\u015b\u0107 2,75m)"},"content":{"rendered":"<div id=\"description-long\" class=\"description tinymce_html col-xs-12\">\n<p>Hypoalergiczny. Bardzo elastyczny, mocny i lepki. Mo\u017ce wymaga\u0107 troch\u0119 wi\u0119cej wprawy w u\u017cyciu.<br \/>\nWytrzyma\u0142o\u015b\u0107: 2-4 tygodni<br \/>\nRolka o wymiarze: 25 mm * 2,75 m<\/p>\n<\/div>\n","protected":false},"excerpt":{"rendered":"<p>Hypoalergiczny. Bardzo elastyczny, mocny i lepki. Mo\u017ce wymaga\u0107 troch\u0119 wi\u0119cej wprawy w u\u017cyciu. Wytrzyma\u0142o\u015b\u0107: 2-4 tygodni Rolka o wymiarze: 25 mm * 2,75 m<\/p>\n","protected":false},"featured_media":2949,"comment_status":"open","ping_status":"closed","template":"","meta":[],"product_cat":[33],"product_tag":[],"class_list":["post-2948","product","type-product","status-publish","has-post-thumbnail","hentry","product_cat-akcesoria","product-grid-view"],"_links":{"self":[{"href":"https:\/\/perukikrakow.com.pl\/sklep\/wp-json\/wp\/v2\/product\/2948","targetHints":{"allow":["GET"]}}],"collection":[{"href":"https:\/\/perukikrakow.com.pl\/sklep\/wp-json\/wp\/v2\/product"}],"about":[{"href":"https:\/\/perukikrakow.com.pl\/sklep\/wp-json\/wp\/v2\/types\/product"}],"replies":[{"embeddable":true,"href":"https:\/\/perukikrakow.com.pl\/sklep\/wp-json\/wp\/v2\/comments?post=2948"}],"wp:featuredmedia":[{"embeddable":true,"href":"https:\/\/perukikrakow.com.pl\/sklep\/wp-json\/wp\/v2\/media\/2949"}],"wp:attachment":[{"href":"https:\/\/perukikrakow.com.pl\/sklep\/wp-json\/wp\/v2\/media?parent=2948"}],"wp:term":[{"taxonomy":"product_cat","embeddable":true,"href":"https:\/\/perukikrakow.com.pl\/sklep\/wp-json\/wp\/v2\/product_cat?post=2948"},{"taxonomy":"product_tag","embeddable":true,"href":"https:\/\/perukikrakow.com.pl\/sklep\/wp-json\/wp\/v2\/product_tag?post=2948"}],"curies":[{"name":"wp","href":"https:\/\/api.w.org\/{rel}","templated":true}]}}