{"id":2946,"date":"2022-06-21T11:07:11","date_gmt":"2022-06-21T09:07:11","guid":{"rendered":"https:\/\/perukikrakow.com.pl\/sklep\/?post_type=product&#038;p=2946"},"modified":"2022-06-21T11:07:39","modified_gmt":"2022-06-21T09:07:39","slug":"plaster-ultra-hold-rolka-19mm-dlugosc-275m","status":"publish","type":"product","link":"https:\/\/perukikrakow.com.pl\/sklep\/produkt\/plaster-ultra-hold-rolka-19mm-dlugosc-275m\/","title":{"rendered":"Plaster ULTRA HOLD &#8211; rolka 19mm (d\u0142ugo\u015b\u0107 2,75m)"},"content":{"rendered":"<div id=\"description-long\" class=\"description tinymce_html col-xs-12\">\n<p>Bardzo mocny, dobrze klej\u0105cy, bardzo elastyczny i d\u0142ugo trzymaj\u0105cy. Doskona\u0142a alternatywa dla bondingu.<\/p>\n<p>Wytrzyma\u0142o\u015b\u0107: 3-6tygodni<\/p>\n<p>Rolka o wymiarze: 19mm * 2,75m<\/p>\n<\/div>\n","protected":false},"excerpt":{"rendered":"<p>Bardzo mocny, dobrze klej\u0105cy, bardzo elastyczny i d\u0142ugo trzymaj\u0105cy. Doskona\u0142a alternatywa dla bondingu. Wytrzyma\u0142o\u015b\u0107: 3-6tygodni Rolka o wymiarze: 19mm * 2,75m<\/p>\n","protected":false},"featured_media":2947,"comment_status":"open","ping_status":"closed","template":"","meta":[],"product_cat":[33],"product_tag":[],"class_list":["post-2946","product","type-product","status-publish","has-post-thumbnail","hentry","product_cat-akcesoria","product-grid-view"],"_links":{"self":[{"href":"https:\/\/perukikrakow.com.pl\/sklep\/wp-json\/wp\/v2\/product\/2946","targetHints":{"allow":["GET"]}}],"collection":[{"href":"https:\/\/perukikrakow.com.pl\/sklep\/wp-json\/wp\/v2\/product"}],"about":[{"href":"https:\/\/perukikrakow.com.pl\/sklep\/wp-json\/wp\/v2\/types\/product"}],"replies":[{"embeddable":true,"href":"https:\/\/perukikrakow.com.pl\/sklep\/wp-json\/wp\/v2\/comments?post=2946"}],"wp:featuredmedia":[{"embeddable":true,"href":"https:\/\/perukikrakow.com.pl\/sklep\/wp-json\/wp\/v2\/media\/2947"}],"wp:attachment":[{"href":"https:\/\/perukikrakow.com.pl\/sklep\/wp-json\/wp\/v2\/media?parent=2946"}],"wp:term":[{"taxonomy":"product_cat","embeddable":true,"href":"https:\/\/perukikrakow.com.pl\/sklep\/wp-json\/wp\/v2\/product_cat?post=2946"},{"taxonomy":"product_tag","embeddable":true,"href":"https:\/\/perukikrakow.com.pl\/sklep\/wp-json\/wp\/v2\/product_tag?post=2946"}],"curies":[{"name":"wp","href":"https:\/\/api.w.org\/{rel}","templated":true}]}}