{"id":2938,"date":"2022-06-21T10:52:44","date_gmt":"2022-06-21T08:52:44","guid":{"rendered":"https:\/\/perukikrakow.com.pl\/sklep\/?post_type=product&#038;p=2938"},"modified":"2022-06-21T10:53:41","modified_gmt":"2022-06-21T08:53:41","slug":"plaster-sensi-tak-rolka-19mm-dlugosc-275m","status":"publish","type":"product","link":"https:\/\/perukikrakow.com.pl\/sklep\/produkt\/plaster-sensi-tak-rolka-19mm-dlugosc-275m\/","title":{"rendered":"Plaster SENSI-TAK &#8211; rolka 19mm (d\u0142ugo\u015b\u0107 2,75m)"},"content":{"rendered":"<div id=\"description-long\" class=\"description tinymce_html col-xs-12\">\n<p>Bezpieczny dla sk\u00f3ry, przezroczysty. \u0141atwy w czyszczeniu.<br \/>\nWytrzyma\u0142o\u015b\u0107: 1-2 tygodnie<br \/>\nZastosowanie: uniwersalne<br \/>\nRolka: 19 mm * 2,75 m<\/p>\n<\/div>\n","protected":false},"excerpt":{"rendered":"<p>Bezpieczny dla sk\u00f3ry, przezroczysty. \u0141atwy w czyszczeniu. Wytrzyma\u0142o\u015b\u0107: 1-2 tygodnie Zastosowanie: uniwersalne Rolka: 19 mm * 2,75 m<\/p>\n","protected":false},"featured_media":2941,"comment_status":"open","ping_status":"closed","template":"","meta":[],"product_cat":[33],"product_tag":[],"class_list":["post-2938","product","type-product","status-publish","has-post-thumbnail","hentry","product_cat-akcesoria","product-grid-view"],"_links":{"self":[{"href":"https:\/\/perukikrakow.com.pl\/sklep\/wp-json\/wp\/v2\/product\/2938","targetHints":{"allow":["GET"]}}],"collection":[{"href":"https:\/\/perukikrakow.com.pl\/sklep\/wp-json\/wp\/v2\/product"}],"about":[{"href":"https:\/\/perukikrakow.com.pl\/sklep\/wp-json\/wp\/v2\/types\/product"}],"replies":[{"embeddable":true,"href":"https:\/\/perukikrakow.com.pl\/sklep\/wp-json\/wp\/v2\/comments?post=2938"}],"wp:featuredmedia":[{"embeddable":true,"href":"https:\/\/perukikrakow.com.pl\/sklep\/wp-json\/wp\/v2\/media\/2941"}],"wp:attachment":[{"href":"https:\/\/perukikrakow.com.pl\/sklep\/wp-json\/wp\/v2\/media?parent=2938"}],"wp:term":[{"taxonomy":"product_cat","embeddable":true,"href":"https:\/\/perukikrakow.com.pl\/sklep\/wp-json\/wp\/v2\/product_cat?post=2938"},{"taxonomy":"product_tag","embeddable":true,"href":"https:\/\/perukikrakow.com.pl\/sklep\/wp-json\/wp\/v2\/product_tag?post=2938"}],"curies":[{"name":"wp","href":"https:\/\/api.w.org\/{rel}","templated":true}]}}