{"id":2936,"date":"2022-06-21T10:52:11","date_gmt":"2022-06-21T08:52:11","guid":{"rendered":"https:\/\/perukikrakow.com.pl\/sklep\/?post_type=product&#038;p=2936"},"modified":"2022-06-21T10:52:43","modified_gmt":"2022-06-21T08:52:43","slug":"plaster-clear-rolka-19mm-dlugosc-275m","status":"publish","type":"product","link":"https:\/\/perukikrakow.com.pl\/sklep\/produkt\/plaster-clear-rolka-19mm-dlugosc-275m\/","title":{"rendered":"Plaster CLEAR &#8211; rolka 19mm (d\u0142ugo\u015b\u0107 2,75m)"},"content":{"rendered":"<p>Bardzo popularny plaster do codziennego noszenia.<br \/>\nDelikatny dla sk\u00f3ry, hypoalergiczny.<br \/>\nPrzezroczysty, dwustronny.<br \/>\nWytrzyma\u0142o\u015b\u0107: 1-5 dni<br \/>\nRolka: 19mm * 2,75m<\/p>\n","protected":false},"excerpt":{"rendered":"<p>Bardzo popularny plaster do codziennego noszenia. Delikatny dla sk\u00f3ry, hypoalergiczny. Przezroczysty, dwustronny. Wytrzyma\u0142o\u015b\u0107: 1-5 dni Rolka: 19mm * 2,75m<\/p>\n","protected":false},"featured_media":2937,"comment_status":"open","ping_status":"closed","template":"","meta":[],"product_cat":[33],"product_tag":[],"class_list":["post-2936","product","type-product","status-publish","has-post-thumbnail","hentry","product_cat-akcesoria","product-grid-view"],"_links":{"self":[{"href":"https:\/\/perukikrakow.com.pl\/sklep\/wp-json\/wp\/v2\/product\/2936","targetHints":{"allow":["GET"]}}],"collection":[{"href":"https:\/\/perukikrakow.com.pl\/sklep\/wp-json\/wp\/v2\/product"}],"about":[{"href":"https:\/\/perukikrakow.com.pl\/sklep\/wp-json\/wp\/v2\/types\/product"}],"replies":[{"embeddable":true,"href":"https:\/\/perukikrakow.com.pl\/sklep\/wp-json\/wp\/v2\/comments?post=2936"}],"wp:featuredmedia":[{"embeddable":true,"href":"https:\/\/perukikrakow.com.pl\/sklep\/wp-json\/wp\/v2\/media\/2937"}],"wp:attachment":[{"href":"https:\/\/perukikrakow.com.pl\/sklep\/wp-json\/wp\/v2\/media?parent=2936"}],"wp:term":[{"taxonomy":"product_cat","embeddable":true,"href":"https:\/\/perukikrakow.com.pl\/sklep\/wp-json\/wp\/v2\/product_cat?post=2936"},{"taxonomy":"product_tag","embeddable":true,"href":"https:\/\/perukikrakow.com.pl\/sklep\/wp-json\/wp\/v2\/product_tag?post=2936"}],"curies":[{"name":"wp","href":"https:\/\/api.w.org\/{rel}","templated":true}]}}