{"id":2934,"date":"2022-06-21T10:40:03","date_gmt":"2022-06-21T08:40:03","guid":{"rendered":"https:\/\/perukikrakow.com.pl\/sklep\/?post_type=product&#038;p=2934"},"modified":"2022-06-21T10:40:40","modified_gmt":"2022-06-21T08:40:40","slug":"plaster-bawelniany-rolka-25mm-dlugosc-6m","status":"publish","type":"product","link":"https:\/\/perukikrakow.com.pl\/sklep\/produkt\/plaster-bawelniany-rolka-25mm-dlugosc-6m\/","title":{"rendered":"Plaster BAWE\u0141NIANY &#8211; rolka 25mm (d\u0142ugo\u015b\u0107 6m)"},"content":{"rendered":"<p>Plaster o bawe\u0142nianej strukturze, jedna z\u00a0najpopularniejszych ta\u015bm do mocowania.<br \/>\nSzczeg\u00f3lnie odpowiedni do mocowania na sk\u00f3rze ze sk\u0142onno\u015bci\u0105 do przet\u0142uszczania.<br \/>\nNie pozostawia zanieczyszczonego kleju.<\/p>\n<p>Wytrzyma\u0142o\u015b\u0107: do 2 tygodni<\/p>\n<p>Rozmiar: 25mm x 6m<\/p>\n","protected":false},"excerpt":{"rendered":"<p>Plaster o bawe\u0142nianej strukturze, jedna z\u00a0najpopularniejszych ta\u015bm do mocowania. Szczeg\u00f3lnie odpowiedni do mocowania na sk\u00f3rze ze sk\u0142onno\u015bci\u0105 do przet\u0142uszczania. Nie pozostawia zanieczyszczonego kleju. Wytrzyma\u0142o\u015b\u0107: do 2 tygodni Rozmiar: 25mm x 6m<\/p>\n","protected":false},"featured_media":2935,"comment_status":"open","ping_status":"closed","template":"","meta":[],"product_cat":[33],"product_tag":[],"class_list":["post-2934","product","type-product","status-publish","has-post-thumbnail","hentry","product_cat-akcesoria","product-grid-view"],"_links":{"self":[{"href":"https:\/\/perukikrakow.com.pl\/sklep\/wp-json\/wp\/v2\/product\/2934","targetHints":{"allow":["GET"]}}],"collection":[{"href":"https:\/\/perukikrakow.com.pl\/sklep\/wp-json\/wp\/v2\/product"}],"about":[{"href":"https:\/\/perukikrakow.com.pl\/sklep\/wp-json\/wp\/v2\/types\/product"}],"replies":[{"embeddable":true,"href":"https:\/\/perukikrakow.com.pl\/sklep\/wp-json\/wp\/v2\/comments?post=2934"}],"wp:featuredmedia":[{"embeddable":true,"href":"https:\/\/perukikrakow.com.pl\/sklep\/wp-json\/wp\/v2\/media\/2935"}],"wp:attachment":[{"href":"https:\/\/perukikrakow.com.pl\/sklep\/wp-json\/wp\/v2\/media?parent=2934"}],"wp:term":[{"taxonomy":"product_cat","embeddable":true,"href":"https:\/\/perukikrakow.com.pl\/sklep\/wp-json\/wp\/v2\/product_cat?post=2934"},{"taxonomy":"product_tag","embeddable":true,"href":"https:\/\/perukikrakow.com.pl\/sklep\/wp-json\/wp\/v2\/product_tag?post=2934"}],"curies":[{"name":"wp","href":"https:\/\/api.w.org\/{rel}","templated":true}]}}