{"id":2929,"date":"2022-06-21T10:36:44","date_gmt":"2022-06-21T08:36:44","guid":{"rendered":"https:\/\/perukikrakow.com.pl\/sklep\/?post_type=product&#038;p=2929"},"modified":"2022-06-21T10:39:58","modified_gmt":"2022-06-21T08:39:58","slug":"klips-maly-4-kolory","status":"publish","type":"product","link":"https:\/\/perukikrakow.com.pl\/sklep\/produkt\/klips-maly-4-kolory\/","title":{"rendered":"KLIPS ma\u0142y, 4 kolory"},"content":{"rendered":"<div id=\"description-long\" class=\"description tinymce_html col-xs-12\">\n<p>Klips do system\u00f3w SecondHair i dopinek, 1\u00a0sztuka.<br \/>\nPosiada pod z\u0105bkami gumk\u0119 zabezpieczaj\u0105c\u0105, dzi\u0119ki kt\u00f3rej klips nie uwiera po zamontowaniu oraz cicho si\u0119 zapina.<\/p>\n<p>Rozmiar &#8222;ma\u0142y&#8221;: 30x14mm.<\/p>\n<p>Klips dost\u0119pny jest w\u00a0czterech kolorach: srebrnym, czarnym, be\u017cowym i\u00a0br\u0105zowym &#8211; podczas zakupu wybierz kolor z\u00a0listy powy\u017cej.<\/p>\n<\/div>\n","protected":false},"excerpt":{"rendered":"<p>Klips do system\u00f3w SecondHair i dopinek, 1\u00a0sztuka. Posiada pod z\u0105bkami gumk\u0119 zabezpieczaj\u0105c\u0105, dzi\u0119ki kt\u00f3rej klips nie uwiera po zamontowaniu oraz cicho si\u0119 zapina. Rozmiar &#8222;ma\u0142y&#8221;: 30x14mm. Klips dost\u0119pny jest w\u00a0czterech kolorach: srebrnym, czarnym, be\u017cowym i\u00a0br\u0105zowym &#8211; podczas zakupu wybierz kolor z\u00a0listy powy\u017cej.<\/p>\n","protected":false},"featured_media":2932,"comment_status":"open","ping_status":"closed","template":"","meta":[],"product_cat":[33],"product_tag":[],"class_list":["post-2929","product","type-product","status-publish","has-post-thumbnail","hentry","product_cat-akcesoria","product-grid-view"],"_links":{"self":[{"href":"https:\/\/perukikrakow.com.pl\/sklep\/wp-json\/wp\/v2\/product\/2929","targetHints":{"allow":["GET"]}}],"collection":[{"href":"https:\/\/perukikrakow.com.pl\/sklep\/wp-json\/wp\/v2\/product"}],"about":[{"href":"https:\/\/perukikrakow.com.pl\/sklep\/wp-json\/wp\/v2\/types\/product"}],"replies":[{"embeddable":true,"href":"https:\/\/perukikrakow.com.pl\/sklep\/wp-json\/wp\/v2\/comments?post=2929"}],"wp:featuredmedia":[{"embeddable":true,"href":"https:\/\/perukikrakow.com.pl\/sklep\/wp-json\/wp\/v2\/media\/2932"}],"wp:attachment":[{"href":"https:\/\/perukikrakow.com.pl\/sklep\/wp-json\/wp\/v2\/media?parent=2929"}],"wp:term":[{"taxonomy":"product_cat","embeddable":true,"href":"https:\/\/perukikrakow.com.pl\/sklep\/wp-json\/wp\/v2\/product_cat?post=2929"},{"taxonomy":"product_tag","embeddable":true,"href":"https:\/\/perukikrakow.com.pl\/sklep\/wp-json\/wp\/v2\/product_tag?post=2929"}],"curies":[{"name":"wp","href":"https:\/\/api.w.org\/{rel}","templated":true}]}}