{"id":2924,"date":"2022-06-21T10:35:27","date_gmt":"2022-06-21T08:35:27","guid":{"rendered":"https:\/\/perukikrakow.com.pl\/sklep\/?post_type=product&#038;p=2924"},"modified":"2022-06-21T10:36:03","modified_gmt":"2022-06-21T08:36:03","slug":"plaster-air-flex-mini-36-sztuk","status":"publish","type":"product","link":"https:\/\/perukikrakow.com.pl\/sklep\/produkt\/plaster-air-flex-mini-36-sztuk\/","title":{"rendered":"Plaster AIR FLEX MINI (36 sztuk)"},"content":{"rendered":"<p>Bardzo lepki i\u00a0elastyczny plaster o\u00a0uniwersalnym zastosowaniu. Jest mocny i\u00a0trwa\u0142y &#8211; doskona\u0142a alternatywa dla bondingu.<br \/>\nDrobne dziurki gwarantuj\u0105 cyrkulacj\u0119 powietrza.<\/p>\n<p>Wytrzyma\u0142o\u015b\u0107: do 6\u00a0tygodni (w\u00a0zale\u017cno\u015bci od temperatury, wilgotno\u015bci oraz t\u0142usto\u015bci sk\u00f3ry)<\/p>\n<p>Rozmiar pojedynczego paska: 38x19mm &#8211; opakowanie 36\u00a0sztuk<\/p>\n","protected":false},"excerpt":{"rendered":"<p>Bardzo lepki i\u00a0elastyczny plaster o\u00a0uniwersalnym zastosowaniu. Jest mocny i\u00a0trwa\u0142y &#8211; doskona\u0142a alternatywa dla bondingu. Drobne dziurki gwarantuj\u0105 cyrkulacj\u0119 powietrza. Wytrzyma\u0142o\u015b\u0107: do 6\u00a0tygodni (w\u00a0zale\u017cno\u015bci od temperatury, wilgotno\u015bci oraz t\u0142usto\u015bci sk\u00f3ry) Rozmiar pojedynczego paska: 38x19mm &#8211; opakowanie 36\u00a0sztuk<\/p>\n","protected":false},"featured_media":2925,"comment_status":"open","ping_status":"closed","template":"","meta":[],"product_cat":[33],"product_tag":[],"class_list":["post-2924","product","type-product","status-publish","has-post-thumbnail","hentry","product_cat-akcesoria","product-grid-view"],"_links":{"self":[{"href":"https:\/\/perukikrakow.com.pl\/sklep\/wp-json\/wp\/v2\/product\/2924","targetHints":{"allow":["GET"]}}],"collection":[{"href":"https:\/\/perukikrakow.com.pl\/sklep\/wp-json\/wp\/v2\/product"}],"about":[{"href":"https:\/\/perukikrakow.com.pl\/sklep\/wp-json\/wp\/v2\/types\/product"}],"replies":[{"embeddable":true,"href":"https:\/\/perukikrakow.com.pl\/sklep\/wp-json\/wp\/v2\/comments?post=2924"}],"wp:featuredmedia":[{"embeddable":true,"href":"https:\/\/perukikrakow.com.pl\/sklep\/wp-json\/wp\/v2\/media\/2925"}],"wp:attachment":[{"href":"https:\/\/perukikrakow.com.pl\/sklep\/wp-json\/wp\/v2\/media?parent=2924"}],"wp:term":[{"taxonomy":"product_cat","embeddable":true,"href":"https:\/\/perukikrakow.com.pl\/sklep\/wp-json\/wp\/v2\/product_cat?post=2924"},{"taxonomy":"product_tag","embeddable":true,"href":"https:\/\/perukikrakow.com.pl\/sklep\/wp-json\/wp\/v2\/product_tag?post=2924"}],"curies":[{"name":"wp","href":"https:\/\/api.w.org\/{rel}","templated":true}]}}