{"id":2922,"date":"2022-06-21T10:34:39","date_gmt":"2022-06-21T08:34:39","guid":{"rendered":"https:\/\/perukikrakow.com.pl\/sklep\/?post_type=product&#038;p=2922"},"modified":"2022-06-21T10:35:03","modified_gmt":"2022-06-21T08:35:03","slug":"plaster-derma-tec-lace-front-paski-12mm-36-sztuk","status":"publish","type":"product","link":"https:\/\/perukikrakow.com.pl\/sklep\/produkt\/plaster-derma-tec-lace-front-paski-12mm-36-sztuk\/","title":{"rendered":"Plaster DERMA-TEC\/LACE FRONT &#8211; paski 12mm (36 sztuk)"},"content":{"rendered":"<p>Cienki i mocny plaster w paskach 12x75mm.<br \/>\nStosowany jest do front lace oraz uzupe\u0142nie\u0144 bez folii PU.<\/p>\n<p>Wytrzyma\u0142o\u015b\u0107: 7-21 dni<\/p>\n<p>Opakowanie 36 sztuk<\/p>\n","protected":false},"excerpt":{"rendered":"<p>Cienki i mocny plaster w paskach 12x75mm. Stosowany jest do front lace oraz uzupe\u0142nie\u0144 bez folii PU. Wytrzyma\u0142o\u015b\u0107: 7-21 dni Opakowanie 36 sztuk<\/p>\n","protected":false},"featured_media":2923,"comment_status":"open","ping_status":"closed","template":"","meta":[],"product_cat":[33],"product_tag":[],"class_list":["post-2922","product","type-product","status-publish","has-post-thumbnail","hentry","product_cat-akcesoria","product-grid-view"],"_links":{"self":[{"href":"https:\/\/perukikrakow.com.pl\/sklep\/wp-json\/wp\/v2\/product\/2922","targetHints":{"allow":["GET"]}}],"collection":[{"href":"https:\/\/perukikrakow.com.pl\/sklep\/wp-json\/wp\/v2\/product"}],"about":[{"href":"https:\/\/perukikrakow.com.pl\/sklep\/wp-json\/wp\/v2\/types\/product"}],"replies":[{"embeddable":true,"href":"https:\/\/perukikrakow.com.pl\/sklep\/wp-json\/wp\/v2\/comments?post=2922"}],"wp:featuredmedia":[{"embeddable":true,"href":"https:\/\/perukikrakow.com.pl\/sklep\/wp-json\/wp\/v2\/media\/2923"}],"wp:attachment":[{"href":"https:\/\/perukikrakow.com.pl\/sklep\/wp-json\/wp\/v2\/media?parent=2922"}],"wp:term":[{"taxonomy":"product_cat","embeddable":true,"href":"https:\/\/perukikrakow.com.pl\/sklep\/wp-json\/wp\/v2\/product_cat?post=2922"},{"taxonomy":"product_tag","embeddable":true,"href":"https:\/\/perukikrakow.com.pl\/sklep\/wp-json\/wp\/v2\/product_tag?post=2922"}],"curies":[{"name":"wp","href":"https:\/\/api.w.org\/{rel}","templated":true}]}}