{"id":2916,"date":"2022-06-21T10:32:34","date_gmt":"2022-06-21T08:32:34","guid":{"rendered":"https:\/\/perukikrakow.com.pl\/sklep\/?post_type=product&#038;p=2916"},"modified":"2022-06-21T10:33:04","modified_gmt":"2022-06-21T08:33:04","slug":"plaster-sensi-tak-polksiezyc-36-sztuk","status":"publish","type":"product","link":"https:\/\/perukikrakow.com.pl\/sklep\/produkt\/plaster-sensi-tak-polksiezyc-36-sztuk\/","title":{"rendered":"Plaster SENSI-TAK &#8211; p\u00f3\u0142ksi\u0119\u017cyc (36 sztuk)"},"content":{"rendered":"<p>Bezpieczny dla sk\u00f3ry, przezroczysty i\u00a0\u0142atwy w czyszczeniu plaster w\u00a0kszta\u0142cie p\u00f3\u0142ksi\u0119\u017cyca.<br \/>\nMa uniwersalne zastosowanie.<\/p>\n<p>Wytrzyma\u0142o\u015b\u0107: 7-14 dni<\/p>\n<p>Opakowanie 36 sztuk<\/p>\n","protected":false},"excerpt":{"rendered":"<p>Bezpieczny dla sk\u00f3ry, przezroczysty i\u00a0\u0142atwy w czyszczeniu plaster w\u00a0kszta\u0142cie p\u00f3\u0142ksi\u0119\u017cyca. Ma uniwersalne zastosowanie. Wytrzyma\u0142o\u015b\u0107: 7-14 dni Opakowanie 36 sztuk<\/p>\n","protected":false},"featured_media":2917,"comment_status":"open","ping_status":"closed","template":"","meta":[],"product_cat":[33],"product_tag":[],"class_list":["post-2916","product","type-product","status-publish","has-post-thumbnail","hentry","product_cat-akcesoria","product-grid-view"],"_links":{"self":[{"href":"https:\/\/perukikrakow.com.pl\/sklep\/wp-json\/wp\/v2\/product\/2916","targetHints":{"allow":["GET"]}}],"collection":[{"href":"https:\/\/perukikrakow.com.pl\/sklep\/wp-json\/wp\/v2\/product"}],"about":[{"href":"https:\/\/perukikrakow.com.pl\/sklep\/wp-json\/wp\/v2\/types\/product"}],"replies":[{"embeddable":true,"href":"https:\/\/perukikrakow.com.pl\/sklep\/wp-json\/wp\/v2\/comments?post=2916"}],"wp:featuredmedia":[{"embeddable":true,"href":"https:\/\/perukikrakow.com.pl\/sklep\/wp-json\/wp\/v2\/media\/2917"}],"wp:attachment":[{"href":"https:\/\/perukikrakow.com.pl\/sklep\/wp-json\/wp\/v2\/media?parent=2916"}],"wp:term":[{"taxonomy":"product_cat","embeddable":true,"href":"https:\/\/perukikrakow.com.pl\/sklep\/wp-json\/wp\/v2\/product_cat?post=2916"},{"taxonomy":"product_tag","embeddable":true,"href":"https:\/\/perukikrakow.com.pl\/sklep\/wp-json\/wp\/v2\/product_tag?post=2916"}],"curies":[{"name":"wp","href":"https:\/\/api.w.org\/{rel}","templated":true}]}}