{"id":2914,"date":"2022-06-21T10:31:58","date_gmt":"2022-06-21T08:31:58","guid":{"rendered":"https:\/\/perukikrakow.com.pl\/sklep\/?post_type=product&#038;p=2914"},"modified":"2022-06-21T10:32:27","modified_gmt":"2022-06-21T08:32:27","slug":"plaster-ultra-hold-mini-72-sztuki","status":"publish","type":"product","link":"https:\/\/perukikrakow.com.pl\/sklep\/produkt\/plaster-ultra-hold-mini-72-sztuki\/","title":{"rendered":"Plaster ULTRA HOLD MINI (72 sztuki)"},"content":{"rendered":"<p>Bardzo mocne, dobrze klej\u0105ce paski, bardzo elastyczne i\u00a0d\u0142ugo trzymaj\u0105ce.<\/p>\n<p>Doskona\u0142a alternatywa dla bondingu.<\/p>\n<p>Wytrzyma\u0142o\u015b\u0107: 3-6 tygodni<\/p>\n<p>Opakowanie 72 sztuki<\/p>\n","protected":false},"excerpt":{"rendered":"<p>Bardzo mocne, dobrze klej\u0105ce paski, bardzo elastyczne i\u00a0d\u0142ugo trzymaj\u0105ce. Doskona\u0142a alternatywa dla bondingu. Wytrzyma\u0142o\u015b\u0107: 3-6 tygodni Opakowanie 72 sztuki<\/p>\n","protected":false},"featured_media":2915,"comment_status":"open","ping_status":"closed","template":"","meta":[],"product_cat":[33],"product_tag":[],"class_list":["post-2914","product","type-product","status-publish","has-post-thumbnail","hentry","product_cat-akcesoria","product-grid-view"],"_links":{"self":[{"href":"https:\/\/perukikrakow.com.pl\/sklep\/wp-json\/wp\/v2\/product\/2914","targetHints":{"allow":["GET"]}}],"collection":[{"href":"https:\/\/perukikrakow.com.pl\/sklep\/wp-json\/wp\/v2\/product"}],"about":[{"href":"https:\/\/perukikrakow.com.pl\/sklep\/wp-json\/wp\/v2\/types\/product"}],"replies":[{"embeddable":true,"href":"https:\/\/perukikrakow.com.pl\/sklep\/wp-json\/wp\/v2\/comments?post=2914"}],"wp:featuredmedia":[{"embeddable":true,"href":"https:\/\/perukikrakow.com.pl\/sklep\/wp-json\/wp\/v2\/media\/2915"}],"wp:attachment":[{"href":"https:\/\/perukikrakow.com.pl\/sklep\/wp-json\/wp\/v2\/media?parent=2914"}],"wp:term":[{"taxonomy":"product_cat","embeddable":true,"href":"https:\/\/perukikrakow.com.pl\/sklep\/wp-json\/wp\/v2\/product_cat?post=2914"},{"taxonomy":"product_tag","embeddable":true,"href":"https:\/\/perukikrakow.com.pl\/sklep\/wp-json\/wp\/v2\/product_tag?post=2914"}],"curies":[{"name":"wp","href":"https:\/\/api.w.org\/{rel}","templated":true}]}}