{"id":2907,"date":"2022-06-21T10:29:42","date_gmt":"2022-06-21T08:29:42","guid":{"rendered":"https:\/\/perukikrakow.com.pl\/sklep\/?post_type=product&#038;p=2907"},"modified":"2022-06-21T10:30:15","modified_gmt":"2022-06-21T08:30:15","slug":"plaster-air-flex-rolka-19mm-dlugosc-12m","status":"publish","type":"product","link":"https:\/\/perukikrakow.com.pl\/sklep\/produkt\/plaster-air-flex-rolka-19mm-dlugosc-12m\/","title":{"rendered":"Plaster AIR FLEX &#8211; rolka 19mm (d\u0142ugo\u015b\u0107 12m)"},"content":{"rendered":"<p>Bardzo lepki i elastyczny plaster, mocny i trwa\u0142y.<\/p>\n<p>Doskona\u0142a alternatywa dla bondingu.<\/p>\n<p>Drobne dziurki gwarantuj\u0105 cyrkulacj\u0119 powietrza.<\/p>\n<p>Wytrzyma\u0142o\u015b\u0107: do 6 tygodni (w zale\u017cno\u015bci od temperatury, wilgotno\u015bci i t\u0142usto\u015bci sk\u00f3ry)<\/p>\n<p>Zastosowanie: uniwersalne<\/p>\n<p>Plaster na rolce<\/p>\n<p>Wymiary: 19mm x 12m<\/p>\n","protected":false},"excerpt":{"rendered":"<p>Bardzo lepki i elastyczny plaster, mocny i trwa\u0142y. Doskona\u0142a alternatywa dla bondingu. Drobne dziurki gwarantuj\u0105 cyrkulacj\u0119 powietrza. Wytrzyma\u0142o\u015b\u0107: do 6 tygodni (w zale\u017cno\u015bci od temperatury, wilgotno\u015bci i t\u0142usto\u015bci sk\u00f3ry) Zastosowanie: uniwersalne Plaster na rolce Wymiary: 19mm x 12m<\/p>\n","protected":false},"featured_media":2908,"comment_status":"open","ping_status":"closed","template":"","meta":[],"product_cat":[33],"product_tag":[],"class_list":["post-2907","product","type-product","status-publish","has-post-thumbnail","hentry","product_cat-akcesoria","product-grid-view"],"_links":{"self":[{"href":"https:\/\/perukikrakow.com.pl\/sklep\/wp-json\/wp\/v2\/product\/2907","targetHints":{"allow":["GET"]}}],"collection":[{"href":"https:\/\/perukikrakow.com.pl\/sklep\/wp-json\/wp\/v2\/product"}],"about":[{"href":"https:\/\/perukikrakow.com.pl\/sklep\/wp-json\/wp\/v2\/types\/product"}],"replies":[{"embeddable":true,"href":"https:\/\/perukikrakow.com.pl\/sklep\/wp-json\/wp\/v2\/comments?post=2907"}],"wp:featuredmedia":[{"embeddable":true,"href":"https:\/\/perukikrakow.com.pl\/sklep\/wp-json\/wp\/v2\/media\/2908"}],"wp:attachment":[{"href":"https:\/\/perukikrakow.com.pl\/sklep\/wp-json\/wp\/v2\/media?parent=2907"}],"wp:term":[{"taxonomy":"product_cat","embeddable":true,"href":"https:\/\/perukikrakow.com.pl\/sklep\/wp-json\/wp\/v2\/product_cat?post=2907"},{"taxonomy":"product_tag","embeddable":true,"href":"https:\/\/perukikrakow.com.pl\/sklep\/wp-json\/wp\/v2\/product_tag?post=2907"}],"curies":[{"name":"wp","href":"https:\/\/api.w.org\/{rel}","templated":true}]}}