{"id":2901,"date":"2022-06-21T10:28:01","date_gmt":"2022-06-21T08:28:01","guid":{"rendered":"https:\/\/perukikrakow.com.pl\/sklep\/?post_type=product&#038;p=2901"},"modified":"2022-06-21T10:28:28","modified_gmt":"2022-06-21T08:28:28","slug":"plaster-signature-rolka-25mm-dlugosc-275m","status":"publish","type":"product","link":"https:\/\/perukikrakow.com.pl\/sklep\/produkt\/plaster-signature-rolka-25mm-dlugosc-275m\/","title":{"rendered":"Plaster SIGNATURE &#8211; rolka 25mm (d\u0142ugo\u015b\u0107 2,75m)"},"content":{"rendered":"<p>Plaster Signature Tape jest najcie\u0144szym dost\u0119pnym plastrem o wytrzyma\u0142o\u015bci d\u0142u\u017cszej ni\u017c 4 tygodnie.<\/p>\n<p>Po\u0142\u0105czenie matowego wyko\u0144czenia, bardzo cienkiej budowy oraz elastyczno\u015bci daje niezwyk\u0142y komfort noszenia, a tak\u017ce naturalny wygl\u0105d.<\/p>\n<p>Plaster jest przezroczysty (g\u0142adki). Idealnie nadaje si\u0119 do produkt\u00f3w wykonanych na mikrosk\u00f3rze.<\/p>\n<p>Plaster pozostawia mniej \u015blad\u00f3w po kleju ni\u017c inne plastry o podobnej wytrzyma\u0142o\u015bci, co u\u0142atwia czyszczenie produkt\u00f3w.<\/p>\n<p>Rolka o wymiarze: 25mm * 2,75m<\/p>\n","protected":false},"excerpt":{"rendered":"<p>Plaster Signature Tape jest najcie\u0144szym dost\u0119pnym plastrem o wytrzyma\u0142o\u015bci d\u0142u\u017cszej ni\u017c 4 tygodnie. Po\u0142\u0105czenie matowego wyko\u0144czenia, bardzo cienkiej budowy oraz elastyczno\u015bci daje niezwyk\u0142y komfort noszenia, a tak\u017ce naturalny wygl\u0105d. Plaster jest przezroczysty (g\u0142adki). Idealnie nadaje si\u0119 do produkt\u00f3w wykonanych na mikrosk\u00f3rze. Plaster pozostawia mniej \u015blad\u00f3w po kleju ni\u017c inne plastry o podobnej wytrzyma\u0142o\u015bci, co u\u0142atwia [&hellip;]<\/p>\n","protected":false},"featured_media":2902,"comment_status":"open","ping_status":"closed","template":"","meta":[],"product_cat":[33],"product_tag":[],"class_list":["post-2901","product","type-product","status-publish","has-post-thumbnail","hentry","product_cat-akcesoria","product-grid-view"],"_links":{"self":[{"href":"https:\/\/perukikrakow.com.pl\/sklep\/wp-json\/wp\/v2\/product\/2901","targetHints":{"allow":["GET"]}}],"collection":[{"href":"https:\/\/perukikrakow.com.pl\/sklep\/wp-json\/wp\/v2\/product"}],"about":[{"href":"https:\/\/perukikrakow.com.pl\/sklep\/wp-json\/wp\/v2\/types\/product"}],"replies":[{"embeddable":true,"href":"https:\/\/perukikrakow.com.pl\/sklep\/wp-json\/wp\/v2\/comments?post=2901"}],"wp:featuredmedia":[{"embeddable":true,"href":"https:\/\/perukikrakow.com.pl\/sklep\/wp-json\/wp\/v2\/media\/2902"}],"wp:attachment":[{"href":"https:\/\/perukikrakow.com.pl\/sklep\/wp-json\/wp\/v2\/media?parent=2901"}],"wp:term":[{"taxonomy":"product_cat","embeddable":true,"href":"https:\/\/perukikrakow.com.pl\/sklep\/wp-json\/wp\/v2\/product_cat?post=2901"},{"taxonomy":"product_tag","embeddable":true,"href":"https:\/\/perukikrakow.com.pl\/sklep\/wp-json\/wp\/v2\/product_tag?post=2901"}],"curies":[{"name":"wp","href":"https:\/\/api.w.org\/{rel}","templated":true}]}}