{"id":2895,"date":"2022-06-21T10:26:47","date_gmt":"2022-06-21T08:26:47","guid":{"rendered":"https:\/\/perukikrakow.com.pl\/sklep\/?post_type=product&#038;p=2895"},"modified":"2022-06-21T10:27:22","modified_gmt":"2022-06-21T08:27:22","slug":"plaster-transpore-base-tape-rolka-25mm-dlugosc-55m","status":"publish","type":"product","link":"https:\/\/perukikrakow.com.pl\/sklep\/produkt\/plaster-transpore-base-tape-rolka-25mm-dlugosc-55m\/","title":{"rendered":"Plaster TRANSPORE\/BASE TAPE &#8211; rolka 25mm (d\u0142ugo\u015b\u0107 5,5m)"},"content":{"rendered":"<p>Wzmacniaj\u0105co-ochronna ta\u015bma stosowana mi\u0119dzy baz\u0119 systemu a\u00a0plaster mocuj\u0105cy. Odpowiednia jest tak\u017ce do naprawy drobnych uszkodze\u0144.<\/p>\n<p>Rolka: 25mm x 5,5m<\/p>\n","protected":false},"excerpt":{"rendered":"<p>Wzmacniaj\u0105co-ochronna ta\u015bma stosowana mi\u0119dzy baz\u0119 systemu a\u00a0plaster mocuj\u0105cy. Odpowiednia jest tak\u017ce do naprawy drobnych uszkodze\u0144. Rolka: 25mm x 5,5m<\/p>\n","protected":false},"featured_media":2897,"comment_status":"open","ping_status":"closed","template":"","meta":[],"product_cat":[33],"product_tag":[],"class_list":["post-2895","product","type-product","status-publish","has-post-thumbnail","hentry","product_cat-akcesoria","product-grid-view"],"_links":{"self":[{"href":"https:\/\/perukikrakow.com.pl\/sklep\/wp-json\/wp\/v2\/product\/2895","targetHints":{"allow":["GET"]}}],"collection":[{"href":"https:\/\/perukikrakow.com.pl\/sklep\/wp-json\/wp\/v2\/product"}],"about":[{"href":"https:\/\/perukikrakow.com.pl\/sklep\/wp-json\/wp\/v2\/types\/product"}],"replies":[{"embeddable":true,"href":"https:\/\/perukikrakow.com.pl\/sklep\/wp-json\/wp\/v2\/comments?post=2895"}],"wp:featuredmedia":[{"embeddable":true,"href":"https:\/\/perukikrakow.com.pl\/sklep\/wp-json\/wp\/v2\/media\/2897"}],"wp:attachment":[{"href":"https:\/\/perukikrakow.com.pl\/sklep\/wp-json\/wp\/v2\/media?parent=2895"}],"wp:term":[{"taxonomy":"product_cat","embeddable":true,"href":"https:\/\/perukikrakow.com.pl\/sklep\/wp-json\/wp\/v2\/product_cat?post=2895"},{"taxonomy":"product_tag","embeddable":true,"href":"https:\/\/perukikrakow.com.pl\/sklep\/wp-json\/wp\/v2\/product_tag?post=2895"}],"curies":[{"name":"wp","href":"https:\/\/api.w.org\/{rel}","templated":true}]}}