{"id":2887,"date":"2022-06-21T10:25:52","date_gmt":"2022-06-21T08:25:52","guid":{"rendered":"https:\/\/perukikrakow.com.pl\/sklep\/?post_type=product&#038;p=2887"},"modified":"2022-06-21T10:26:40","modified_gmt":"2022-06-21T08:26:40","slug":"pedzelek-do-nakladania-kleju-duzy","status":"publish","type":"product","link":"https:\/\/perukikrakow.com.pl\/sklep\/produkt\/pedzelek-do-nakladania-kleju-duzy\/","title":{"rendered":"P\u0119dzelek do nak\u0142adania kleju (du\u017cy)"},"content":{"rendered":"<p>Niewielki i\u00a0por\u0119czny p\u0119dzelek do nak\u0142adania kleju to akcesorium niezb\u0119dne podczas stosowania system\u00f3w w\u0142os\u00f3w i\u00a0tupet\u00f3w oraz niekt\u00f3rych peruk.<\/p>\n<p>Trwa\u0142a metalowa r\u0105czka i\u00a0w\u0142osie o\u00a0odpowiedniej mi\u0119kko\u015bci.<\/p>\n<p>Szybkie i\u00a0wygodne u\u017cytkowanie.<\/p>\n<p>D\u0142ugo\u015b\u0107: 154mm (135mm r\u0105czka i\u00a019mm w\u0142osie)<\/p>\n","protected":false},"excerpt":{"rendered":"<p>Niewielki i\u00a0por\u0119czny p\u0119dzelek do nak\u0142adania kleju to akcesorium niezb\u0119dne podczas stosowania system\u00f3w w\u0142os\u00f3w i\u00a0tupet\u00f3w oraz niekt\u00f3rych peruk. Trwa\u0142a metalowa r\u0105czka i\u00a0w\u0142osie o\u00a0odpowiedniej mi\u0119kko\u015bci. Szybkie i\u00a0wygodne u\u017cytkowanie. D\u0142ugo\u015b\u0107: 154mm (135mm r\u0105czka i\u00a019mm w\u0142osie)<\/p>\n","protected":false},"featured_media":2891,"comment_status":"open","ping_status":"closed","template":"","meta":[],"product_cat":[33],"product_tag":[],"class_list":["post-2887","product","type-product","status-publish","has-post-thumbnail","hentry","product_cat-akcesoria","product-grid-view"],"_links":{"self":[{"href":"https:\/\/perukikrakow.com.pl\/sklep\/wp-json\/wp\/v2\/product\/2887","targetHints":{"allow":["GET"]}}],"collection":[{"href":"https:\/\/perukikrakow.com.pl\/sklep\/wp-json\/wp\/v2\/product"}],"about":[{"href":"https:\/\/perukikrakow.com.pl\/sklep\/wp-json\/wp\/v2\/types\/product"}],"replies":[{"embeddable":true,"href":"https:\/\/perukikrakow.com.pl\/sklep\/wp-json\/wp\/v2\/comments?post=2887"}],"wp:featuredmedia":[{"embeddable":true,"href":"https:\/\/perukikrakow.com.pl\/sklep\/wp-json\/wp\/v2\/media\/2891"}],"wp:attachment":[{"href":"https:\/\/perukikrakow.com.pl\/sklep\/wp-json\/wp\/v2\/media?parent=2887"}],"wp:term":[{"taxonomy":"product_cat","embeddable":true,"href":"https:\/\/perukikrakow.com.pl\/sklep\/wp-json\/wp\/v2\/product_cat?post=2887"},{"taxonomy":"product_tag","embeddable":true,"href":"https:\/\/perukikrakow.com.pl\/sklep\/wp-json\/wp\/v2\/product_tag?post=2887"}],"curies":[{"name":"wp","href":"https:\/\/api.w.org\/{rel}","templated":true}]}}