{"id":2845,"date":"2022-06-21T09:03:40","date_gmt":"2022-06-21T07:03:40","guid":{"rendered":"https:\/\/perukikrakow.com.pl\/sklep\/?post_type=product&#038;p=2845"},"modified":"2022-06-21T09:04:24","modified_gmt":"2022-06-21T07:04:24","slug":"rzesy-sztuczne-nr-116","status":"publish","type":"product","link":"https:\/\/perukikrakow.com.pl\/sklep\/produkt\/rzesy-sztuczne-nr-116\/","title":{"rendered":"RZ\u0118SY SZTUCZNE NR 116"},"content":{"rendered":"<p>Sztuczne rz\u0119sy &#8211; efekt modeluj\u0105cy. Opakowanie zawiera klej.<\/p>\n","protected":false},"excerpt":{"rendered":"<p>Sztuczne rz\u0119sy &#8211; efekt modeluj\u0105cy. Opakowanie zawiera klej.<\/p>\n","protected":false},"featured_media":2847,"comment_status":"open","ping_status":"closed","template":"","meta":[],"product_cat":[31],"product_tag":[],"class_list":["post-2845","product","type-product","status-publish","has-post-thumbnail","hentry","product_cat-rzesy","product-grid-view"],"_links":{"self":[{"href":"https:\/\/perukikrakow.com.pl\/sklep\/wp-json\/wp\/v2\/product\/2845","targetHints":{"allow":["GET"]}}],"collection":[{"href":"https:\/\/perukikrakow.com.pl\/sklep\/wp-json\/wp\/v2\/product"}],"about":[{"href":"https:\/\/perukikrakow.com.pl\/sklep\/wp-json\/wp\/v2\/types\/product"}],"replies":[{"embeddable":true,"href":"https:\/\/perukikrakow.com.pl\/sklep\/wp-json\/wp\/v2\/comments?post=2845"}],"wp:featuredmedia":[{"embeddable":true,"href":"https:\/\/perukikrakow.com.pl\/sklep\/wp-json\/wp\/v2\/media\/2847"}],"wp:attachment":[{"href":"https:\/\/perukikrakow.com.pl\/sklep\/wp-json\/wp\/v2\/media?parent=2845"}],"wp:term":[{"taxonomy":"product_cat","embeddable":true,"href":"https:\/\/perukikrakow.com.pl\/sklep\/wp-json\/wp\/v2\/product_cat?post=2845"},{"taxonomy":"product_tag","embeddable":true,"href":"https:\/\/perukikrakow.com.pl\/sklep\/wp-json\/wp\/v2\/product_tag?post=2845"}],"curies":[{"name":"wp","href":"https:\/\/api.w.org\/{rel}","templated":true}]}}