{"id":2840,"date":"2022-06-21T09:01:54","date_gmt":"2022-06-21T07:01:54","guid":{"rendered":"https:\/\/perukikrakow.com.pl\/sklep\/?post_type=product&#038;p=2840"},"modified":"2022-06-21T09:02:36","modified_gmt":"2022-06-21T07:02:36","slug":"rzesy-sztuczne-nr-090","status":"publish","type":"product","link":"https:\/\/perukikrakow.com.pl\/sklep\/produkt\/rzesy-sztuczne-nr-090\/","title":{"rendered":"RZ\u0118SY SZTUCZNE NR 090"},"content":{"rendered":"<p>Sztuczne rz\u0119sy &#8211; efekt modeluj\u0105cy. Opakowanie zawiera klej.<\/p>\n","protected":false},"excerpt":{"rendered":"<p>Sztuczne rz\u0119sy &#8211; efekt modeluj\u0105cy. Opakowanie zawiera klej.<\/p>\n","protected":false},"featured_media":2842,"comment_status":"open","ping_status":"closed","template":"","meta":[],"product_cat":[31],"product_tag":[],"class_list":["post-2840","product","type-product","status-publish","has-post-thumbnail","hentry","product_cat-rzesy","product-grid-view"],"_links":{"self":[{"href":"https:\/\/perukikrakow.com.pl\/sklep\/wp-json\/wp\/v2\/product\/2840","targetHints":{"allow":["GET"]}}],"collection":[{"href":"https:\/\/perukikrakow.com.pl\/sklep\/wp-json\/wp\/v2\/product"}],"about":[{"href":"https:\/\/perukikrakow.com.pl\/sklep\/wp-json\/wp\/v2\/types\/product"}],"replies":[{"embeddable":true,"href":"https:\/\/perukikrakow.com.pl\/sklep\/wp-json\/wp\/v2\/comments?post=2840"}],"wp:featuredmedia":[{"embeddable":true,"href":"https:\/\/perukikrakow.com.pl\/sklep\/wp-json\/wp\/v2\/media\/2842"}],"wp:attachment":[{"href":"https:\/\/perukikrakow.com.pl\/sklep\/wp-json\/wp\/v2\/media?parent=2840"}],"wp:term":[{"taxonomy":"product_cat","embeddable":true,"href":"https:\/\/perukikrakow.com.pl\/sklep\/wp-json\/wp\/v2\/product_cat?post=2840"},{"taxonomy":"product_tag","embeddable":true,"href":"https:\/\/perukikrakow.com.pl\/sklep\/wp-json\/wp\/v2\/product_tag?post=2840"}],"curies":[{"name":"wp","href":"https:\/\/api.w.org\/{rel}","templated":true}]}}