{"id":277,"date":"2022-06-06T12:05:57","date_gmt":"2022-06-06T10:05:57","guid":{"rendered":"https:\/\/perukikrakow.com.pl\/sklep\/?post_type=product&#038;p=277"},"modified":"2022-06-06T12:11:26","modified_gmt":"2022-06-06T10:11:26","slug":"storyville-w-kolorze-hotmocca-rooted-kolekcja-hairpower","status":"publish","type":"product","link":"https:\/\/perukikrakow.com.pl\/sklep\/produkt\/storyville-w-kolorze-hotmocca-rooted-kolekcja-hairpower\/","title":{"rendered":"STORYVILLE w kolorze hotmocca\/rooted Kolekcja HAIRPOWER"},"content":{"rendered":"<div class=\"description-short tinymce_html\">\n<ul class=\"information\">\n<li style=\"list-style-type: none;\">\n<ul class=\"information\">\n<li><span class=\"text-muted\">Producent:<\/span>\u00a0<a class=\"producer_name\" href=\"https:\/\/www.peruka.pl\/manufacturer\/ellen-wille\">Ellen Wille<\/a><\/li>\n<li><span id=\"st_availability_info\"><span id=\"st_availability_info-value\">Produkt na zam\u00f3wienie<\/span><\/span><\/li>\n<\/ul>\n<\/li>\n<\/ul>\n<div id=\"execute_time\"><span class=\"text-muted\">Czas realizacji:<\/span>\u00a0<span id=\"execute_time_trigger\" data-toggle=\"modal\" data-target=\"#execute_time_overlay\">7 dni roboczych<\/span><\/div>\n<div id=\"basket_product_options_container\"><\/div>\n<div id=\"description-long\" class=\"description tinymce_html col-xs-12\">\n<p>Model Storyville to\u00a0<strong>peruka z\u00a0w\u0142os\u00f3w syntetycznych<\/strong>\u00a0utkanych na bazie, kt\u00f3r\u0105 charakteryzuje wykonanie maszynowe na tresach oraz linia rozmyta z\u00a0przodu. Specjalne w\u0142\u00f3kno syntetyczne doskonale imituje prawdziwe w\u0142osy.<\/p>\n<p>Kolor oferowanej fryzury pokazany jest w\u00a0kwadracie obok zdj\u0119cia z\u00a0modelk\u0105.<\/p>\n<p>Dzi\u0119ki bazie peruki Storyville zyskujesz:<\/p>\n<ul>\n<li>wra\u017cenie, \u017ce na linii czo\u0142a w\u0142osy wyrastaj\u0105 z\u00a0prawdziwej sk\u00f3ry g\u0142owy<\/li>\n<li>mo\u017cliwo\u015b\u0107 zaczesywania w\u0142os\u00f3w do g\u00f3ry<\/li>\n<li>mo\u017cliwo\u015b\u0107 noszenia fryzury bez grzywki<\/li>\n<li>w\u0142osy tkane tak, \u017ceby nie by\u0142o wida\u0107 bazy<\/li>\n<\/ul>\n<p>&nbsp;<\/p>\n<p>Ponadto\u00a0<strong>peruka syntetyczna Storyville<\/strong>\u00a0zachowuje kszta\u0142t i\u00a0nie wymaga modelowania &#8211; wystarczy j\u0105 za\u0142o\u017cy\u0107 i\u00a0przeczesa\u0107 palcami, aby fryzura dobrze wygl\u0105da\u0142a.<\/p>\n<p>Modelka na zdj\u0119ciu nosi kolor\u00a0<i>hotmocca\/rooted<\/i>.<\/p>\n<\/div>\n<\/div>\n","protected":false},"excerpt":{"rendered":"<p>Producent:\u00a0Ellen Wille Produkt na zam\u00f3wienie Czas realizacji:\u00a07 dni roboczych Model Storyville to\u00a0peruka z\u00a0w\u0142os\u00f3w syntetycznych\u00a0utkanych na bazie, kt\u00f3r\u0105 charakteryzuje wykonanie maszynowe na tresach oraz linia rozmyta z\u00a0przodu. Specjalne w\u0142\u00f3kno syntetyczne doskonale imituje prawdziwe w\u0142osy. Kolor oferowanej fryzury pokazany jest w\u00a0kwadracie obok zdj\u0119cia z\u00a0modelk\u0105. Dzi\u0119ki bazie peruki Storyville zyskujesz: wra\u017cenie, \u017ce na linii czo\u0142a w\u0142osy wyrastaj\u0105 z\u00a0prawdziwej [&hellip;]<\/p>\n","protected":false},"featured_media":302,"comment_status":"open","ping_status":"closed","template":"","meta":[],"product_cat":[16,17],"product_tag":[],"class_list":["post-277","product","type-product","status-publish","has-post-thumbnail","hentry","product_cat-peruki","product_cat-peruki-damskie","product-grid-view"],"_links":{"self":[{"href":"https:\/\/perukikrakow.com.pl\/sklep\/wp-json\/wp\/v2\/product\/277","targetHints":{"allow":["GET"]}}],"collection":[{"href":"https:\/\/perukikrakow.com.pl\/sklep\/wp-json\/wp\/v2\/product"}],"about":[{"href":"https:\/\/perukikrakow.com.pl\/sklep\/wp-json\/wp\/v2\/types\/product"}],"replies":[{"embeddable":true,"href":"https:\/\/perukikrakow.com.pl\/sklep\/wp-json\/wp\/v2\/comments?post=277"}],"wp:featuredmedia":[{"embeddable":true,"href":"https:\/\/perukikrakow.com.pl\/sklep\/wp-json\/wp\/v2\/media\/302"}],"wp:attachment":[{"href":"https:\/\/perukikrakow.com.pl\/sklep\/wp-json\/wp\/v2\/media?parent=277"}],"wp:term":[{"taxonomy":"product_cat","embeddable":true,"href":"https:\/\/perukikrakow.com.pl\/sklep\/wp-json\/wp\/v2\/product_cat?post=277"},{"taxonomy":"product_tag","embeddable":true,"href":"https:\/\/perukikrakow.com.pl\/sklep\/wp-json\/wp\/v2\/product_tag?post=277"}],"curies":[{"name":"wp","href":"https:\/\/api.w.org\/{rel}","templated":true}]}}